{"id":1024,"date":"2025-08-01T14:07:19","date_gmt":"2025-08-01T12:07:19","guid":{"rendered":"https:\/\/www.niggebruegge-bestattungen.de\/?page_id=1024"},"modified":"2025-08-04T13:57:21","modified_gmt":"2025-08-04T11:57:21","slug":"unsere-online-services-fuer-den-trauerfall","status":"publish","type":"page","link":"https:\/\/www.niggebruegge-bestattungen.de\/?page_id=1024","title":{"rendered":"Unsere Online-Services f\u00fcr den Trauerfall"},"content":{"rendered":"\n<table style=\"border-collapse: collapse; width: 100%; height: 558px;\">\n<tbody>\n<tr style=\"height: 610px;\">\n<td style=\"width: 45%; vertical-align: top; height: 558px;\">\n<p>Wir sind nicht nur pers\u00f6nlich f\u00fcr Sie da, sondern unterst\u00fctzen Sie auch rund um die Uhr online in unserem digitalen Kunden-Center. Hier k\u00f6nnen Sie viele wichtige Dinge im Trauerfall per Mausklick regeln, Erinnerungen an den Verstorbenen bewahren, Ihre Trauerdrucksachen inklusive Empf\u00e4ngerlisten mit uns abstimmen und Ihre pers\u00f6nliche Musikauswahl f\u00fcr die Trauerfeier zusammenstellen. Zu jeder Zeit, bequem von zu Hause aus.\u00a0<\/p>\n<p>\u00a0<\/p>\n<\/td>\n<td style=\"width: 5%; vertical-align: top; height: 558px;\">\u00a0<\/td>\n<td style=\"width: 50%; vertical-align: top; height: 558px;\">\n<p><span style=\"color: #a31523;\"><b>Pers\u00f6nlicher Abmelde-Assistent <\/b><\/span><\/p>\n<p>Ein ganzes Jahr lang Ab- &amp; Ummeldungen von Versicherungen, Abonnements, Online-Accounts &amp; Co. einfach online durchf\u00fchren.\u00a0<\/p>\n<p><span style=\"color: #a31523;\"><b>Kostenfreie Gedenkseite <\/b><\/span><\/p>\n<p>Gemeinsam trauern, sich erinnern und ein vergangenes Leben auf vielf\u00e4ltige Weise ehren.\u00a0<\/p>\n<p><span style=\"color: #a31523;\"><b>Einfache Trauerdruck-Abstimmung <\/b><\/span><\/p>\n<p>Ob Traueranzeige, Danksagung oder Trauerbrief \u2013 Ihre Drucksachen bequem mit uns abstimmen und sogar Empf\u00e4ngerlisten anlegen sowie \u00fcbermitteln.\u00a0<\/p>\n<p><span style=\"color: #a31523;\"><b>Trauerfeier-Musik <\/b><\/span><\/p>\n<p>In gro\u00dfer Musikbibliothek mit Playlists st\u00f6bern, Titel per Klick ausw\u00e4hlen oder eigene Songs hochladen.\u00a0<\/p>\n<\/td>\n<\/tr>\n<\/tbody>\n<\/table>\n\n\n\n<div class=\"wp-block-buttons is-content-justification-center is-layout-flex wp-container-core-buttons-is-layout-16018d1d wp-block-buttons-is-layout-flex\">\n<div class=\"wp-block-button is-style-fill\"><a class=\"wp-block-button__link has-background wp-element-button\" href=\"https:\/\/mein-service.center\/login\" style=\"background-color:#a31523\" target=\"_blank\" rel=\"noreferrer noopener\">Jetzt einloggen!<\/a><\/div>\n<\/div>\n\n\n\n<p class=\"has-text-align-center\">Wenn Sie noch keine Login-Daten haben, sprechen Sie uns einfach an \u2013 wir senden Ihnen zur Registrierung eine <a href=\"mailto:info@niggebruegge-bestattungen.de\">E-Mail&nbsp;<\/a><\/p>\n","protected":false},"excerpt":{"rendered":"<p>Wir sind nicht nur pers\u00f6nlich f\u00fcr Sie da, sondern unterst\u00fctzen Sie auch rund um die Uhr online in unserem digitalen Kunden-Center. Hier k\u00f6nnen Sie viele wichtige Dinge im Trauerfall per Mausklick regeln, Erinnerungen an den Verstorbenen bewahren, Ihre Trauerdrucksachen inklusive Empf\u00e4ngerlisten mit uns abstimmen und Ihre pers\u00f6nliche Musikauswahl f\u00fcr die Trauerfeier zusammenstellen. Zu jeder Zeit, &hellip; <a href=\"https:\/\/www.niggebruegge-bestattungen.de\/?page_id=1024\" class=\"more-link\">Continue reading<span class=\"screen-reader-text\"> &#8222;Unsere Online-Services f\u00fcr den Trauerfall&#8220;<\/span><\/a><\/p>\n","protected":false},"author":1,"featured_media":0,"parent":324,"menu_order":0,"comment_status":"closed","ping_status":"closed","template":"","meta":{"_monsterinsights_skip_tracking":false,"_monsterinsights_sitenote_active":false,"_monsterinsights_sitenote_note":"","_monsterinsights_sitenote_category":0,"footnotes":""},"class_list":["post-1024","page","type-page","status-publish","hentry"],"yoast_head":"<!-- This site is optimized with the Yoast SEO plugin v25.6 - https:\/\/yoast.com\/wordpress\/plugins\/seo\/ -->\n<title>Unsere Online-Services f\u00fcr den Trauerfall - Bestattungen Niggebr\u00fcgge<\/title>\n<meta name=\"description\" content=\"Ihr pers\u00f6nliches Bestattungshaus in Bielefeld. Feuer- und Erdbestattung \u00b7 Bestattungshaus seit 1954 \u00b7 Wir beantworten Ihnen alle Fragen zur Bestattung, unterst\u00fctzen Sie bei der Vorbereitung und Durchf\u00fchrung der Bestattung und betreuen Sie - auf Wunsch - w\u00e4hrend der schweren Zeit der Trauer.\" \/>\n<meta name=\"robots\" content=\"index, follow, max-snippet:-1, max-image-preview:large, max-video-preview:-1\" \/>\n<link rel=\"canonical\" href=\"https:\/\/www.niggebruegge-bestattungen.de\/?page_id=1024\" \/>\n<meta property=\"og:locale\" content=\"de_DE\" \/>\n<meta property=\"og:type\" content=\"article\" \/>\n<meta property=\"og:title\" content=\"Unsere Online-Services f\u00fcr den Trauerfall - Bestattungen Niggebr\u00fcgge\" \/>\n<meta property=\"og:description\" content=\"Ihr pers\u00f6nliches Bestattungshaus in Bielefeld. Feuer- und Erdbestattung \u00b7 Bestattungshaus seit 1954 \u00b7 Wir beantworten Ihnen alle Fragen zur Bestattung, unterst\u00fctzen Sie bei der Vorbereitung und Durchf\u00fchrung der Bestattung und betreuen Sie - auf Wunsch - w\u00e4hrend der schweren Zeit der Trauer.\" \/>\n<meta property=\"og:url\" content=\"https:\/\/www.niggebruegge-bestattungen.de\/?page_id=1024\" \/>\n<meta property=\"og:site_name\" content=\"Bestattungen Niggebr\u00fcgge\" \/>\n<meta property=\"article:modified_time\" content=\"2025-08-04T11:57:21+00:00\" \/>\n<meta name=\"twitter:card\" content=\"summary_large_image\" \/>\n<meta name=\"twitter:label1\" content=\"Gesch\u00e4tzte Lesezeit\" \/>\n\t<meta name=\"twitter:data1\" content=\"1\u00a0Minute\" \/>\n<script type=\"application\/ld+json\" class=\"yoast-schema-graph\">{\"@context\":\"https:\/\/schema.org\",\"@graph\":[{\"@type\":\"WebPage\",\"@id\":\"https:\/\/www.niggebruegge-bestattungen.de\/?page_id=1024\",\"url\":\"https:\/\/www.niggebruegge-bestattungen.de\/?page_id=1024\",\"name\":\"Unsere Online-Services f\u00fcr den Trauerfall - Bestattungen Niggebr\u00fcgge\",\"isPartOf\":{\"@id\":\"https:\/\/www.niggebruegge-bestattungen.de\/#website\"},\"datePublished\":\"2025-08-01T12:07:19+00:00\",\"dateModified\":\"2025-08-04T11:57:21+00:00\",\"description\":\"Ihr pers\u00f6nliches Bestattungshaus in Bielefeld. Feuer- und Erdbestattung \u00b7 Bestattungshaus seit 1954 \u00b7 Wir beantworten Ihnen alle Fragen zur Bestattung, unterst\u00fctzen Sie bei der Vorbereitung und Durchf\u00fchrung der Bestattung und betreuen Sie - auf Wunsch - w\u00e4hrend der schweren Zeit der Trauer.\",\"breadcrumb\":{\"@id\":\"https:\/\/www.niggebruegge-bestattungen.de\/?page_id=1024#breadcrumb\"},\"inLanguage\":\"de\",\"potentialAction\":[{\"@type\":\"ReadAction\",\"target\":[\"https:\/\/www.niggebruegge-bestattungen.de\/?page_id=1024\"]}]},{\"@type\":\"BreadcrumbList\",\"@id\":\"https:\/\/www.niggebruegge-bestattungen.de\/?page_id=1024#breadcrumb\",\"itemListElement\":[{\"@type\":\"ListItem\",\"position\":1,\"name\":\"Startseite\",\"item\":\"https:\/\/www.niggebruegge-bestattungen.de\/\"},{\"@type\":\"ListItem\",\"position\":2,\"name\":\"Service\",\"item\":\"https:\/\/www.niggebruegge-bestattungen.de\/?page_id=324\"},{\"@type\":\"ListItem\",\"position\":3,\"name\":\"Unsere Online-Services f\u00fcr den Trauerfall\"}]},{\"@type\":\"WebSite\",\"@id\":\"https:\/\/www.niggebruegge-bestattungen.de\/#website\",\"url\":\"https:\/\/www.niggebruegge-bestattungen.de\/\",\"name\":\"Bestattungen Niggebr\u00fcgge\",\"description\":\"der letzte Weg in guten H\u00e4nden\",\"potentialAction\":[{\"@type\":\"SearchAction\",\"target\":{\"@type\":\"EntryPoint\",\"urlTemplate\":\"https:\/\/www.niggebruegge-bestattungen.de\/?s={search_term_string}\"},\"query-input\":{\"@type\":\"PropertyValueSpecification\",\"valueRequired\":true,\"valueName\":\"search_term_string\"}}],\"inLanguage\":\"de\"}]}<\/script>\n<!-- \/ Yoast SEO plugin. -->","yoast_head_json":{"title":"Unsere Online-Services f\u00fcr den Trauerfall - Bestattungen Niggebr\u00fcgge","description":"Ihr pers\u00f6nliches Bestattungshaus in Bielefeld. Feuer- und Erdbestattung \u00b7 Bestattungshaus seit 1954 \u00b7 Wir beantworten Ihnen alle Fragen zur Bestattung, unterst\u00fctzen Sie bei der Vorbereitung und Durchf\u00fchrung der Bestattung und betreuen Sie - auf Wunsch - w\u00e4hrend der schweren Zeit der Trauer.","robots":{"index":"index","follow":"follow","max-snippet":"max-snippet:-1","max-image-preview":"max-image-preview:large","max-video-preview":"max-video-preview:-1"},"canonical":"https:\/\/www.niggebruegge-bestattungen.de\/?page_id=1024","og_locale":"de_DE","og_type":"article","og_title":"Unsere Online-Services f\u00fcr den Trauerfall - Bestattungen Niggebr\u00fcgge","og_description":"Ihr pers\u00f6nliches Bestattungshaus in Bielefeld. Feuer- und Erdbestattung \u00b7 Bestattungshaus seit 1954 \u00b7 Wir beantworten Ihnen alle Fragen zur Bestattung, unterst\u00fctzen Sie bei der Vorbereitung und Durchf\u00fchrung der Bestattung und betreuen Sie - auf Wunsch - w\u00e4hrend der schweren Zeit der Trauer.","og_url":"https:\/\/www.niggebruegge-bestattungen.de\/?page_id=1024","og_site_name":"Bestattungen Niggebr\u00fcgge","article_modified_time":"2025-08-04T11:57:21+00:00","twitter_card":"summary_large_image","twitter_misc":{"Gesch\u00e4tzte Lesezeit":"1\u00a0Minute"},"schema":{"@context":"https:\/\/schema.org","@graph":[{"@type":"WebPage","@id":"https:\/\/www.niggebruegge-bestattungen.de\/?page_id=1024","url":"https:\/\/www.niggebruegge-bestattungen.de\/?page_id=1024","name":"Unsere Online-Services f\u00fcr den Trauerfall - Bestattungen Niggebr\u00fcgge","isPartOf":{"@id":"https:\/\/www.niggebruegge-bestattungen.de\/#website"},"datePublished":"2025-08-01T12:07:19+00:00","dateModified":"2025-08-04T11:57:21+00:00","description":"Ihr pers\u00f6nliches Bestattungshaus in Bielefeld. Feuer- und Erdbestattung \u00b7 Bestattungshaus seit 1954 \u00b7 Wir beantworten Ihnen alle Fragen zur Bestattung, unterst\u00fctzen Sie bei der Vorbereitung und Durchf\u00fchrung der Bestattung und betreuen Sie - auf Wunsch - w\u00e4hrend der schweren Zeit der Trauer.","breadcrumb":{"@id":"https:\/\/www.niggebruegge-bestattungen.de\/?page_id=1024#breadcrumb"},"inLanguage":"de","potentialAction":[{"@type":"ReadAction","target":["https:\/\/www.niggebruegge-bestattungen.de\/?page_id=1024"]}]},{"@type":"BreadcrumbList","@id":"https:\/\/www.niggebruegge-bestattungen.de\/?page_id=1024#breadcrumb","itemListElement":[{"@type":"ListItem","position":1,"name":"Startseite","item":"https:\/\/www.niggebruegge-bestattungen.de\/"},{"@type":"ListItem","position":2,"name":"Service","item":"https:\/\/www.niggebruegge-bestattungen.de\/?page_id=324"},{"@type":"ListItem","position":3,"name":"Unsere Online-Services f\u00fcr den Trauerfall"}]},{"@type":"WebSite","@id":"https:\/\/www.niggebruegge-bestattungen.de\/#website","url":"https:\/\/www.niggebruegge-bestattungen.de\/","name":"Bestattungen Niggebr\u00fcgge","description":"der letzte Weg in guten H\u00e4nden","potentialAction":[{"@type":"SearchAction","target":{"@type":"EntryPoint","urlTemplate":"https:\/\/www.niggebruegge-bestattungen.de\/?s={search_term_string}"},"query-input":{"@type":"PropertyValueSpecification","valueRequired":true,"valueName":"search_term_string"}}],"inLanguage":"de"}]}},"_links":{"self":[{"href":"https:\/\/www.niggebruegge-bestattungen.de\/index.php?rest_route=\/wp\/v2\/pages\/1024","targetHints":{"allow":["GET"]}}],"collection":[{"href":"https:\/\/www.niggebruegge-bestattungen.de\/index.php?rest_route=\/wp\/v2\/pages"}],"about":[{"href":"https:\/\/www.niggebruegge-bestattungen.de\/index.php?rest_route=\/wp\/v2\/types\/page"}],"author":[{"embeddable":true,"href":"https:\/\/www.niggebruegge-bestattungen.de\/index.php?rest_route=\/wp\/v2\/users\/1"}],"replies":[{"embeddable":true,"href":"https:\/\/www.niggebruegge-bestattungen.de\/index.php?rest_route=%2Fwp%2Fv2%2Fcomments&post=1024"}],"version-history":[{"count":1,"href":"https:\/\/www.niggebruegge-bestattungen.de\/index.php?rest_route=\/wp\/v2\/pages\/1024\/revisions"}],"predecessor-version":[{"id":1064,"href":"https:\/\/www.niggebruegge-bestattungen.de\/index.php?rest_route=\/wp\/v2\/pages\/1024\/revisions\/1064"}],"up":[{"embeddable":true,"href":"https:\/\/www.niggebruegge-bestattungen.de\/index.php?rest_route=\/wp\/v2\/pages\/324"}],"wp:attachment":[{"href":"https:\/\/www.niggebruegge-bestattungen.de\/index.php?rest_route=%2Fwp%2Fv2%2Fmedia&parent=1024"}],"curies":[{"name":"wp","href":"https:\/\/api.w.org\/{rel}","templated":true}]}}