{"id":196,"date":"2016-03-03T12:09:49","date_gmt":"2016-03-03T10:09:49","guid":{"rendered":"http:\/\/www.niggebruegge-bestattungen.de\/?page_id=196"},"modified":"2021-06-18T10:08:04","modified_gmt":"2021-06-18T08:08:04","slug":"schaufenster-012016","status":"publish","type":"page","link":"https:\/\/www.niggebruegge-bestattungen.de\/?page_id=196","title":{"rendered":"Schaufenster 01\/2016"},"content":{"rendered":"\n<figure class=\"wp-block-table\"><table><tbody><tr><td>\n<h3>Alte Br\u00e4uche<\/h3>\n<\/td><\/tr><tr><td><img decoding=\"async\" src=\"https:\/\/www.niggebruegge-bestattungen.de\/wp-content\/uploads\/2016\/03\/2016_01_02.jpg\" alt=\"\" width=\"100%\"><\/td><\/tr><tr><td>\n<p><strong>Spiegel verh\u00e4ngen:<\/strong><\/p>\n<p>Nach eintreten des Todes wurden die gesamten Spiegel im Hause mit T\u00fcchern verhangen. Grund:<br>Wenn die Seele des Toten beim umherfliegen das eigene Spiegelbild erblickt und erschrickt, kann sie das Haus nicht verlassen und nicht ins Jenseits \u00fcbergehen.<\/p>\n<p><strong>Kerze:<\/strong><\/p>\n<p>Neben dem Verstorbenen wurden geweihte Kerzen aufgestellt, diese durften nicht gel\u00f6scht werden, sondern mussten niederbrennen.<\/p>\n<\/td><\/tr><tr><td><img decoding=\"async\" src=\"https:\/\/www.niggebruegge-bestattungen.de\/wp-content\/uploads\/2016\/03\/2016_01_01.jpg\" alt=\"\" width=\"100%\"><\/td><\/tr><tr><td>\n<p><strong>\u00d6ffnen der Fenster:<\/strong><\/p>\n<p>Nach eintreten des Todes mussten die Fenster im Sterbezimmer ge\u00f6ffnet werden, um der Seele das Entweichen zu erm\u00f6glichen. Die Fenster sollten als dann rechtzeitig wieder geschlossen werden, damit die Seele nicht zur\u00fcck kam und in der Zwischenwelt umherirrte. &nbsp;<\/p>\n<p>&nbsp;<\/p>\n<p><strong>Schlie\u00dfen der Augen:<\/strong><\/p>\n<p>Nachdem die Seele den K\u00f6rper verlassen hat sind die Augen leer. Trifft dieser &#8222;tote&#8220; Blick den Blick eines Lebenden so konnte das Unheil mit sich bringen.<\/p>\n<p>&nbsp;<\/p>\n<\/td><\/tr><\/tbody><\/table><\/figure>\n","protected":false},"excerpt":{"rendered":"<p>Alte Br\u00e4uche Spiegel verh\u00e4ngen: Nach eintreten des Todes wurden die gesamten Spiegel im Hause mit T\u00fcchern verhangen. Grund:Wenn die Seele des Toten beim umherfliegen das eigene Spiegelbild erblickt und erschrickt, kann sie das Haus nicht verlassen und nicht ins Jenseits \u00fcbergehen. Kerze: Neben dem Verstorbenen wurden geweihte Kerzen aufgestellt, diese durften nicht gel\u00f6scht werden, sondern &hellip; <a href=\"https:\/\/www.niggebruegge-bestattungen.de\/?page_id=196\" class=\"more-link\">Continue reading<span class=\"screen-reader-text\"> &#8222;Schaufenster 01\/2016&#8220;<\/span><\/a><\/p>\n","protected":false},"author":1,"featured_media":0,"parent":0,"menu_order":0,"comment_status":"closed","ping_status":"closed","template":"","meta":{"_monsterinsights_skip_tracking":false,"_monsterinsights_sitenote_active":false,"_monsterinsights_sitenote_note":"","_monsterinsights_sitenote_category":0,"footnotes":""},"class_list":["post-196","page","type-page","status-publish","hentry"],"yoast_head":"<!-- This site is optimized with the Yoast SEO plugin v25.6 - https:\/\/yoast.com\/wordpress\/plugins\/seo\/ -->\n<title>Schaufenster 01\/2016 - Bestattungen Niggebr\u00fcgge<\/title>\n<meta name=\"description\" content=\"Ihr pers\u00f6nliches Bestattungshaus in Bielefeld. Feuer- und Erdbestattung \u00b7 Bestattungshaus seit 1954 \u00b7 Wir beantworten Ihnen alle Fragen zur Bestattung, unterst\u00fctzen Sie bei der Vorbereitung und Durchf\u00fchrung der Bestattung und betreuen Sie - auf Wunsch - w\u00e4hrend der schweren Zeit der Trauer.\" \/>\n<meta name=\"robots\" content=\"index, follow, max-snippet:-1, max-image-preview:large, max-video-preview:-1\" \/>\n<link rel=\"canonical\" href=\"https:\/\/www.niggebruegge-bestattungen.de\/?page_id=196\" \/>\n<meta property=\"og:locale\" content=\"de_DE\" \/>\n<meta property=\"og:type\" content=\"article\" \/>\n<meta property=\"og:title\" content=\"Schaufenster 01\/2016 - Bestattungen Niggebr\u00fcgge\" \/>\n<meta property=\"og:description\" content=\"Ihr pers\u00f6nliches Bestattungshaus in Bielefeld. Feuer- und Erdbestattung \u00b7 Bestattungshaus seit 1954 \u00b7 Wir beantworten Ihnen alle Fragen zur Bestattung, unterst\u00fctzen Sie bei der Vorbereitung und Durchf\u00fchrung der Bestattung und betreuen Sie - auf Wunsch - w\u00e4hrend der schweren Zeit der Trauer.\" \/>\n<meta property=\"og:url\" content=\"https:\/\/www.niggebruegge-bestattungen.de\/?page_id=196\" \/>\n<meta property=\"og:site_name\" content=\"Bestattungen Niggebr\u00fcgge\" \/>\n<meta property=\"article:modified_time\" content=\"2021-06-18T08:08:04+00:00\" \/>\n<meta property=\"og:image\" content=\"https:\/\/www.niggebruegge-bestattungen.de\/wp-content\/uploads\/2016\/03\/2016_01_02.jpg\" \/>\n<meta name=\"twitter:card\" content=\"summary_large_image\" \/>\n<meta name=\"twitter:label1\" content=\"Gesch\u00e4tzte Lesezeit\" \/>\n\t<meta name=\"twitter:data1\" content=\"1\u00a0Minute\" \/>\n<script type=\"application\/ld+json\" class=\"yoast-schema-graph\">{\"@context\":\"https:\/\/schema.org\",\"@graph\":[{\"@type\":\"WebPage\",\"@id\":\"https:\/\/www.niggebruegge-bestattungen.de\/?page_id=196\",\"url\":\"https:\/\/www.niggebruegge-bestattungen.de\/?page_id=196\",\"name\":\"Schaufenster 01\/2016 - Bestattungen Niggebr\u00fcgge\",\"isPartOf\":{\"@id\":\"https:\/\/www.niggebruegge-bestattungen.de\/#website\"},\"primaryImageOfPage\":{\"@id\":\"https:\/\/www.niggebruegge-bestattungen.de\/?page_id=196#primaryimage\"},\"image\":{\"@id\":\"https:\/\/www.niggebruegge-bestattungen.de\/?page_id=196#primaryimage\"},\"thumbnailUrl\":\"https:\/\/www.niggebruegge-bestattungen.de\/wp-content\/uploads\/2016\/03\/2016_01_02.jpg\",\"datePublished\":\"2016-03-03T10:09:49+00:00\",\"dateModified\":\"2021-06-18T08:08:04+00:00\",\"description\":\"Ihr pers\u00f6nliches Bestattungshaus in Bielefeld. Feuer- und Erdbestattung \u00b7 Bestattungshaus seit 1954 \u00b7 Wir beantworten Ihnen alle Fragen zur Bestattung, unterst\u00fctzen Sie bei der Vorbereitung und Durchf\u00fchrung der Bestattung und betreuen Sie - auf Wunsch - w\u00e4hrend der schweren Zeit der Trauer.\",\"breadcrumb\":{\"@id\":\"https:\/\/www.niggebruegge-bestattungen.de\/?page_id=196#breadcrumb\"},\"inLanguage\":\"de\",\"potentialAction\":[{\"@type\":\"ReadAction\",\"target\":[\"https:\/\/www.niggebruegge-bestattungen.de\/?page_id=196\"]}]},{\"@type\":\"ImageObject\",\"inLanguage\":\"de\",\"@id\":\"https:\/\/www.niggebruegge-bestattungen.de\/?page_id=196#primaryimage\",\"url\":\"https:\/\/www.niggebruegge-bestattungen.de\/wp-content\/uploads\/2016\/03\/2016_01_02.jpg\",\"contentUrl\":\"https:\/\/www.niggebruegge-bestattungen.de\/wp-content\/uploads\/2016\/03\/2016_01_02.jpg\",\"width\":544,\"height\":407},{\"@type\":\"BreadcrumbList\",\"@id\":\"https:\/\/www.niggebruegge-bestattungen.de\/?page_id=196#breadcrumb\",\"itemListElement\":[{\"@type\":\"ListItem\",\"position\":1,\"name\":\"Startseite\",\"item\":\"https:\/\/www.niggebruegge-bestattungen.de\/\"},{\"@type\":\"ListItem\",\"position\":2,\"name\":\"Schaufenster 01\/2016\"}]},{\"@type\":\"WebSite\",\"@id\":\"https:\/\/www.niggebruegge-bestattungen.de\/#website\",\"url\":\"https:\/\/www.niggebruegge-bestattungen.de\/\",\"name\":\"Bestattungen Niggebr\u00fcgge\",\"description\":\"der letzte Weg in guten H\u00e4nden\",\"potentialAction\":[{\"@type\":\"SearchAction\",\"target\":{\"@type\":\"EntryPoint\",\"urlTemplate\":\"https:\/\/www.niggebruegge-bestattungen.de\/?s={search_term_string}\"},\"query-input\":{\"@type\":\"PropertyValueSpecification\",\"valueRequired\":true,\"valueName\":\"search_term_string\"}}],\"inLanguage\":\"de\"}]}<\/script>\n<!-- \/ Yoast SEO plugin. -->","yoast_head_json":{"title":"Schaufenster 01\/2016 - Bestattungen Niggebr\u00fcgge","description":"Ihr pers\u00f6nliches Bestattungshaus in Bielefeld. Feuer- und Erdbestattung \u00b7 Bestattungshaus seit 1954 \u00b7 Wir beantworten Ihnen alle Fragen zur Bestattung, unterst\u00fctzen Sie bei der Vorbereitung und Durchf\u00fchrung der Bestattung und betreuen Sie - auf Wunsch - w\u00e4hrend der schweren Zeit der Trauer.","robots":{"index":"index","follow":"follow","max-snippet":"max-snippet:-1","max-image-preview":"max-image-preview:large","max-video-preview":"max-video-preview:-1"},"canonical":"https:\/\/www.niggebruegge-bestattungen.de\/?page_id=196","og_locale":"de_DE","og_type":"article","og_title":"Schaufenster 01\/2016 - Bestattungen Niggebr\u00fcgge","og_description":"Ihr pers\u00f6nliches Bestattungshaus in Bielefeld. Feuer- und Erdbestattung \u00b7 Bestattungshaus seit 1954 \u00b7 Wir beantworten Ihnen alle Fragen zur Bestattung, unterst\u00fctzen Sie bei der Vorbereitung und Durchf\u00fchrung der Bestattung und betreuen Sie - auf Wunsch - w\u00e4hrend der schweren Zeit der Trauer.","og_url":"https:\/\/www.niggebruegge-bestattungen.de\/?page_id=196","og_site_name":"Bestattungen Niggebr\u00fcgge","article_modified_time":"2021-06-18T08:08:04+00:00","og_image":[{"url":"https:\/\/www.niggebruegge-bestattungen.de\/wp-content\/uploads\/2016\/03\/2016_01_02.jpg","type":"","width":"","height":""}],"twitter_card":"summary_large_image","twitter_misc":{"Gesch\u00e4tzte Lesezeit":"1\u00a0Minute"},"schema":{"@context":"https:\/\/schema.org","@graph":[{"@type":"WebPage","@id":"https:\/\/www.niggebruegge-bestattungen.de\/?page_id=196","url":"https:\/\/www.niggebruegge-bestattungen.de\/?page_id=196","name":"Schaufenster 01\/2016 - Bestattungen Niggebr\u00fcgge","isPartOf":{"@id":"https:\/\/www.niggebruegge-bestattungen.de\/#website"},"primaryImageOfPage":{"@id":"https:\/\/www.niggebruegge-bestattungen.de\/?page_id=196#primaryimage"},"image":{"@id":"https:\/\/www.niggebruegge-bestattungen.de\/?page_id=196#primaryimage"},"thumbnailUrl":"https:\/\/www.niggebruegge-bestattungen.de\/wp-content\/uploads\/2016\/03\/2016_01_02.jpg","datePublished":"2016-03-03T10:09:49+00:00","dateModified":"2021-06-18T08:08:04+00:00","description":"Ihr pers\u00f6nliches Bestattungshaus in Bielefeld. Feuer- und Erdbestattung \u00b7 Bestattungshaus seit 1954 \u00b7 Wir beantworten Ihnen alle Fragen zur Bestattung, unterst\u00fctzen Sie bei der Vorbereitung und Durchf\u00fchrung der Bestattung und betreuen Sie - auf Wunsch - w\u00e4hrend der schweren Zeit der Trauer.","breadcrumb":{"@id":"https:\/\/www.niggebruegge-bestattungen.de\/?page_id=196#breadcrumb"},"inLanguage":"de","potentialAction":[{"@type":"ReadAction","target":["https:\/\/www.niggebruegge-bestattungen.de\/?page_id=196"]}]},{"@type":"ImageObject","inLanguage":"de","@id":"https:\/\/www.niggebruegge-bestattungen.de\/?page_id=196#primaryimage","url":"https:\/\/www.niggebruegge-bestattungen.de\/wp-content\/uploads\/2016\/03\/2016_01_02.jpg","contentUrl":"https:\/\/www.niggebruegge-bestattungen.de\/wp-content\/uploads\/2016\/03\/2016_01_02.jpg","width":544,"height":407},{"@type":"BreadcrumbList","@id":"https:\/\/www.niggebruegge-bestattungen.de\/?page_id=196#breadcrumb","itemListElement":[{"@type":"ListItem","position":1,"name":"Startseite","item":"https:\/\/www.niggebruegge-bestattungen.de\/"},{"@type":"ListItem","position":2,"name":"Schaufenster 01\/2016"}]},{"@type":"WebSite","@id":"https:\/\/www.niggebruegge-bestattungen.de\/#website","url":"https:\/\/www.niggebruegge-bestattungen.de\/","name":"Bestattungen Niggebr\u00fcgge","description":"der letzte Weg in guten H\u00e4nden","potentialAction":[{"@type":"SearchAction","target":{"@type":"EntryPoint","urlTemplate":"https:\/\/www.niggebruegge-bestattungen.de\/?s={search_term_string}"},"query-input":{"@type":"PropertyValueSpecification","valueRequired":true,"valueName":"search_term_string"}}],"inLanguage":"de"}]}},"_links":{"self":[{"href":"https:\/\/www.niggebruegge-bestattungen.de\/index.php?rest_route=\/wp\/v2\/pages\/196","targetHints":{"allow":["GET"]}}],"collection":[{"href":"https:\/\/www.niggebruegge-bestattungen.de\/index.php?rest_route=\/wp\/v2\/pages"}],"about":[{"href":"https:\/\/www.niggebruegge-bestattungen.de\/index.php?rest_route=\/wp\/v2\/types\/page"}],"author":[{"embeddable":true,"href":"https:\/\/www.niggebruegge-bestattungen.de\/index.php?rest_route=\/wp\/v2\/users\/1"}],"replies":[{"embeddable":true,"href":"https:\/\/www.niggebruegge-bestattungen.de\/index.php?rest_route=%2Fwp%2Fv2%2Fcomments&post=196"}],"version-history":[{"count":1,"href":"https:\/\/www.niggebruegge-bestattungen.de\/index.php?rest_route=\/wp\/v2\/pages\/196\/revisions"}],"predecessor-version":[{"id":830,"href":"https:\/\/www.niggebruegge-bestattungen.de\/index.php?rest_route=\/wp\/v2\/pages\/196\/revisions\/830"}],"wp:attachment":[{"href":"https:\/\/www.niggebruegge-bestattungen.de\/index.php?rest_route=%2Fwp%2Fv2%2Fmedia&parent=196"}],"curies":[{"name":"wp","href":"https:\/\/api.w.org\/{rel}","templated":true}]}}