{"id":324,"date":"2017-12-16T13:17:47","date_gmt":"2017-12-16T11:17:47","guid":{"rendered":"http:\/\/www.niggebruegge-bestattungen.de\/?page_id=324"},"modified":"2025-08-04T13:19:40","modified_gmt":"2025-08-04T11:19:40","slug":"service","status":"publish","type":"page","link":"https:\/\/www.niggebruegge-bestattungen.de\/?page_id=324","title":{"rendered":"Service"},"content":{"rendered":"<h2>Damit Sie im Ernstfall nichts vergessen:<\/h2>\n<p>Bei einem Sterbefall m\u00fcssen alle Versicherungen, Kreditinstitute etc. \u00fcber den Tod des Verstorbenen informiert werden. Dieses k\u00f6nnen wir gerne f\u00fcr Sie erledigen. Hier ein kleine Checkliste, die aber variieren kann:<\/p>\n<h4>Wir erledigen f\u00fcr Sie:<\/h4>\n<ul>\n<li>\u00dcberf\u00fchrung des\/der Verstorbenen<\/li>\n<li>die Sterbeurkunden beim Standesamt des Sterbeortes ausstellen lassen<\/li>\n<li>Beantragung der Rentenvorschusszahlung (&#8222;Sterbevierteljahr&#8220;)<\/li>\n<li>Beratung beim Erwerb eines Wahl- oder Reihengrabes (bei Erd- oder Feuerbestattung)<\/li>\n<li>Terminfestlegung mit allen beteiligten Personen (Stadt, Kirche, Redner, Tr\u00e4ger, Organist, Gastronomie, etc.)<\/li>\n<li>Bestellung von einem Organist<\/li>\n<li>Bestellung von Trauerfloristik &amp; Dekorationen<\/li>\n<li>Druck und Gestaltung von Trauerbriefen\/ -anzeigen und Danksagungen<\/li>\n<li>Regelung von Digitalem Nachlass<\/li>\n<\/ul>\n<h4>Dinge um die Sie sich k\u00fcmmern m\u00fcssten:<\/h4>\n<ul>\n<li>Adressen f\u00fcr Anschriften Trauerbriefe zusammenstellen<\/li>\n<li>Weitere Angeh\u00f6rige und Freunde benachrichtigen<\/li>\n<li>Erbschein beantragen und Testament er\u00f6ffnen lassen (evtl. Notar einschalten)<\/li>\n<li>Wohnung k\u00fcndigen<\/li>\n<li>Telefon und Zeitungen abbestellen<\/li>\n<li>Bei der Bundesversicherungsanstalt Berlin oder bei den Landesversicherungsanstalten den Rentenanspruch geltend machen<\/li>\n<li>Abmelden des Autos und der Kfz-Versicherung<\/li>\n<li>K\u00fcndigung von Mitgliedschaften bei Vereinen<\/li>\n<li>Abbestellung von Dienstleistungen<\/li>\n<li>Versorgung der Haustiere<\/li>\n<li>Versorgung der Blumen und Pflanzen<\/li>\n<li>Regelung im Bezug auf die Haus-\/Wohnungsschl\u00fcssel<\/li>\n<li>Umbestellung der Post<\/li>\n<li>Dauerauftr\u00e4ge bei Banken\/Sparkassen \u00e4ndern<\/li>\n<li>F\u00e4lligkeit von Terminzahlungen<\/li>\n<li>Regulierung der Heizungsanlage<\/li>\n<li>Abstellen von Gas und Wasser<\/li>\n<li>Fenster verschlie\u00dfen (Stecker aus Steckdosen entfernen)<\/li>\n<\/ul>\n<p>Alle Abmeldungen k\u00f6nnen einfach, Problemlos und rechtssicher \u00fcber unser <a href=\"https:\/\/www.niggebruegge-bestattungen.de\/?page_id=1024\">Formalit\u00e4tenportal<\/a> durch uns oder Sie durchgef\u00fchrt werden.<\/p>\n<h4><\/h4>\n","protected":false},"excerpt":{"rendered":"<p>Damit Sie im Ernstfall nichts vergessen: Bei einem Sterbefall m\u00fcssen alle Versicherungen, Kreditinstitute etc. \u00fcber den Tod des Verstorbenen informiert werden. Dieses k\u00f6nnen wir gerne f\u00fcr Sie erledigen. Hier ein kleine Checkliste, die aber variieren kann: Wir erledigen f\u00fcr Sie: \u00dcberf\u00fchrung des\/der Verstorbenen die Sterbeurkunden beim Standesamt des Sterbeortes ausstellen lassen Beantragung der Rentenvorschusszahlung (&#8222;Sterbevierteljahr&#8220;) &hellip; <a href=\"https:\/\/www.niggebruegge-bestattungen.de\/?page_id=324\" class=\"more-link\">Continue reading<span class=\"screen-reader-text\"> &#8222;Service&#8220;<\/span><\/a><\/p>\n","protected":false},"author":1,"featured_media":0,"parent":0,"menu_order":0,"comment_status":"closed","ping_status":"closed","template":"","meta":{"_monsterinsights_skip_tracking":false,"_monsterinsights_sitenote_active":false,"_monsterinsights_sitenote_note":"","_monsterinsights_sitenote_category":0,"footnotes":""},"class_list":["post-324","page","type-page","status-publish","hentry"],"yoast_head":"<!-- This site is optimized with the Yoast SEO plugin v25.6 - https:\/\/yoast.com\/wordpress\/plugins\/seo\/ -->\n<title>Service - Bestattungen Niggebr\u00fcgge<\/title>\n<meta name=\"description\" content=\"Ihr pers\u00f6nliches Bestattungshaus in Bielefeld. Feuer- und Erdbestattung \u00b7 Bestattungshaus seit 1954 \u00b7 Wir beantworten Ihnen alle Fragen zur Bestattung, unterst\u00fctzen Sie bei der Vorbereitung und Durchf\u00fchrung der Bestattung und betreuen Sie - auf Wunsch - w\u00e4hrend der schweren Zeit der Trauer.\" \/>\n<meta name=\"robots\" content=\"index, follow, max-snippet:-1, max-image-preview:large, max-video-preview:-1\" \/>\n<link rel=\"canonical\" href=\"https:\/\/www.niggebruegge-bestattungen.de\/?page_id=324\" \/>\n<meta property=\"og:locale\" content=\"de_DE\" \/>\n<meta property=\"og:type\" content=\"article\" \/>\n<meta property=\"og:title\" content=\"Service - Bestattungen Niggebr\u00fcgge\" \/>\n<meta property=\"og:description\" content=\"Ihr pers\u00f6nliches Bestattungshaus in Bielefeld. Feuer- und Erdbestattung \u00b7 Bestattungshaus seit 1954 \u00b7 Wir beantworten Ihnen alle Fragen zur Bestattung, unterst\u00fctzen Sie bei der Vorbereitung und Durchf\u00fchrung der Bestattung und betreuen Sie - auf Wunsch - w\u00e4hrend der schweren Zeit der Trauer.\" \/>\n<meta property=\"og:url\" content=\"https:\/\/www.niggebruegge-bestattungen.de\/?page_id=324\" \/>\n<meta property=\"og:site_name\" content=\"Bestattungen Niggebr\u00fcgge\" \/>\n<meta property=\"article:modified_time\" content=\"2025-08-04T11:19:40+00:00\" \/>\n<meta name=\"twitter:card\" content=\"summary_large_image\" \/>\n<meta name=\"twitter:label1\" content=\"Gesch\u00e4tzte Lesezeit\" \/>\n\t<meta name=\"twitter:data1\" content=\"2\u00a0Minuten\" \/>\n<script type=\"application\/ld+json\" class=\"yoast-schema-graph\">{\"@context\":\"https:\/\/schema.org\",\"@graph\":[{\"@type\":\"WebPage\",\"@id\":\"https:\/\/www.niggebruegge-bestattungen.de\/?page_id=324\",\"url\":\"https:\/\/www.niggebruegge-bestattungen.de\/?page_id=324\",\"name\":\"Service - Bestattungen Niggebr\u00fcgge\",\"isPartOf\":{\"@id\":\"https:\/\/www.niggebruegge-bestattungen.de\/#website\"},\"datePublished\":\"2017-12-16T11:17:47+00:00\",\"dateModified\":\"2025-08-04T11:19:40+00:00\",\"description\":\"Ihr pers\u00f6nliches Bestattungshaus in Bielefeld. Feuer- und Erdbestattung \u00b7 Bestattungshaus seit 1954 \u00b7 Wir beantworten Ihnen alle Fragen zur Bestattung, unterst\u00fctzen Sie bei der Vorbereitung und Durchf\u00fchrung der Bestattung und betreuen Sie - auf Wunsch - w\u00e4hrend der schweren Zeit der Trauer.\",\"breadcrumb\":{\"@id\":\"https:\/\/www.niggebruegge-bestattungen.de\/?page_id=324#breadcrumb\"},\"inLanguage\":\"de\",\"potentialAction\":[{\"@type\":\"ReadAction\",\"target\":[\"https:\/\/www.niggebruegge-bestattungen.de\/?page_id=324\"]}]},{\"@type\":\"BreadcrumbList\",\"@id\":\"https:\/\/www.niggebruegge-bestattungen.de\/?page_id=324#breadcrumb\",\"itemListElement\":[{\"@type\":\"ListItem\",\"position\":1,\"name\":\"Startseite\",\"item\":\"https:\/\/www.niggebruegge-bestattungen.de\/\"},{\"@type\":\"ListItem\",\"position\":2,\"name\":\"Service\"}]},{\"@type\":\"WebSite\",\"@id\":\"https:\/\/www.niggebruegge-bestattungen.de\/#website\",\"url\":\"https:\/\/www.niggebruegge-bestattungen.de\/\",\"name\":\"Bestattungen Niggebr\u00fcgge\",\"description\":\"der letzte Weg in guten H\u00e4nden\",\"potentialAction\":[{\"@type\":\"SearchAction\",\"target\":{\"@type\":\"EntryPoint\",\"urlTemplate\":\"https:\/\/www.niggebruegge-bestattungen.de\/?s={search_term_string}\"},\"query-input\":{\"@type\":\"PropertyValueSpecification\",\"valueRequired\":true,\"valueName\":\"search_term_string\"}}],\"inLanguage\":\"de\"}]}<\/script>\n<!-- \/ Yoast SEO plugin. -->","yoast_head_json":{"title":"Service - Bestattungen Niggebr\u00fcgge","description":"Ihr pers\u00f6nliches Bestattungshaus in Bielefeld. Feuer- und Erdbestattung \u00b7 Bestattungshaus seit 1954 \u00b7 Wir beantworten Ihnen alle Fragen zur Bestattung, unterst\u00fctzen Sie bei der Vorbereitung und Durchf\u00fchrung der Bestattung und betreuen Sie - auf Wunsch - w\u00e4hrend der schweren Zeit der Trauer.","robots":{"index":"index","follow":"follow","max-snippet":"max-snippet:-1","max-image-preview":"max-image-preview:large","max-video-preview":"max-video-preview:-1"},"canonical":"https:\/\/www.niggebruegge-bestattungen.de\/?page_id=324","og_locale":"de_DE","og_type":"article","og_title":"Service - Bestattungen Niggebr\u00fcgge","og_description":"Ihr pers\u00f6nliches Bestattungshaus in Bielefeld. Feuer- und Erdbestattung \u00b7 Bestattungshaus seit 1954 \u00b7 Wir beantworten Ihnen alle Fragen zur Bestattung, unterst\u00fctzen Sie bei der Vorbereitung und Durchf\u00fchrung der Bestattung und betreuen Sie - auf Wunsch - w\u00e4hrend der schweren Zeit der Trauer.","og_url":"https:\/\/www.niggebruegge-bestattungen.de\/?page_id=324","og_site_name":"Bestattungen Niggebr\u00fcgge","article_modified_time":"2025-08-04T11:19:40+00:00","twitter_card":"summary_large_image","twitter_misc":{"Gesch\u00e4tzte Lesezeit":"2\u00a0Minuten"},"schema":{"@context":"https:\/\/schema.org","@graph":[{"@type":"WebPage","@id":"https:\/\/www.niggebruegge-bestattungen.de\/?page_id=324","url":"https:\/\/www.niggebruegge-bestattungen.de\/?page_id=324","name":"Service - Bestattungen Niggebr\u00fcgge","isPartOf":{"@id":"https:\/\/www.niggebruegge-bestattungen.de\/#website"},"datePublished":"2017-12-16T11:17:47+00:00","dateModified":"2025-08-04T11:19:40+00:00","description":"Ihr pers\u00f6nliches Bestattungshaus in Bielefeld. Feuer- und Erdbestattung \u00b7 Bestattungshaus seit 1954 \u00b7 Wir beantworten Ihnen alle Fragen zur Bestattung, unterst\u00fctzen Sie bei der Vorbereitung und Durchf\u00fchrung der Bestattung und betreuen Sie - auf Wunsch - w\u00e4hrend der schweren Zeit der Trauer.","breadcrumb":{"@id":"https:\/\/www.niggebruegge-bestattungen.de\/?page_id=324#breadcrumb"},"inLanguage":"de","potentialAction":[{"@type":"ReadAction","target":["https:\/\/www.niggebruegge-bestattungen.de\/?page_id=324"]}]},{"@type":"BreadcrumbList","@id":"https:\/\/www.niggebruegge-bestattungen.de\/?page_id=324#breadcrumb","itemListElement":[{"@type":"ListItem","position":1,"name":"Startseite","item":"https:\/\/www.niggebruegge-bestattungen.de\/"},{"@type":"ListItem","position":2,"name":"Service"}]},{"@type":"WebSite","@id":"https:\/\/www.niggebruegge-bestattungen.de\/#website","url":"https:\/\/www.niggebruegge-bestattungen.de\/","name":"Bestattungen Niggebr\u00fcgge","description":"der letzte Weg in guten H\u00e4nden","potentialAction":[{"@type":"SearchAction","target":{"@type":"EntryPoint","urlTemplate":"https:\/\/www.niggebruegge-bestattungen.de\/?s={search_term_string}"},"query-input":{"@type":"PropertyValueSpecification","valueRequired":true,"valueName":"search_term_string"}}],"inLanguage":"de"}]}},"_links":{"self":[{"href":"https:\/\/www.niggebruegge-bestattungen.de\/index.php?rest_route=\/wp\/v2\/pages\/324","targetHints":{"allow":["GET"]}}],"collection":[{"href":"https:\/\/www.niggebruegge-bestattungen.de\/index.php?rest_route=\/wp\/v2\/pages"}],"about":[{"href":"https:\/\/www.niggebruegge-bestattungen.de\/index.php?rest_route=\/wp\/v2\/types\/page"}],"author":[{"embeddable":true,"href":"https:\/\/www.niggebruegge-bestattungen.de\/index.php?rest_route=\/wp\/v2\/users\/1"}],"replies":[{"embeddable":true,"href":"https:\/\/www.niggebruegge-bestattungen.de\/index.php?rest_route=%2Fwp%2Fv2%2Fcomments&post=324"}],"version-history":[{"count":1,"href":"https:\/\/www.niggebruegge-bestattungen.de\/index.php?rest_route=\/wp\/v2\/pages\/324\/revisions"}],"predecessor-version":[{"id":1058,"href":"https:\/\/www.niggebruegge-bestattungen.de\/index.php?rest_route=\/wp\/v2\/pages\/324\/revisions\/1058"}],"wp:attachment":[{"href":"https:\/\/www.niggebruegge-bestattungen.de\/index.php?rest_route=%2Fwp%2Fv2%2Fmedia&parent=324"}],"curies":[{"name":"wp","href":"https:\/\/api.w.org\/{rel}","templated":true}]}}