{"id":42,"date":"2014-02-10T15:01:21","date_gmt":"2014-02-10T13:01:21","guid":{"rendered":"http:\/\/www.niggebruegge-bestattungen.de\/?page_id=42"},"modified":"2023-02-26T14:30:21","modified_gmt":"2023-02-26T12:30:21","slug":"vorsorge","status":"publish","type":"page","link":"https:\/\/www.niggebruegge-bestattungen.de\/?page_id=42","title":{"rendered":"Vorsorge"},"content":{"rendered":"\n<figure class=\"wp-block-image size-full\"><a href=\"https:\/\/www.niggebruegge-bestattungen.de\/wp-content\/uploads\/2016\/03\/Fotolia_73315324_XS.jpg\"><img decoding=\"async\" src=\"https:\/\/www.niggebruegge-bestattungen.de\/wp-content\/uploads\/2016\/03\/Fotolia_73315324_XS.jpg\" alt=\"\" class=\"wp-image-215\" width=\"NaN\" height=\"NaN\" srcset=\"https:\/\/www.niggebruegge-bestattungen.de\/wp-content\/uploads\/2016\/03\/Fotolia_73315324_XS.jpg 424w, https:\/\/www.niggebruegge-bestattungen.de\/wp-content\/uploads\/2016\/03\/Fotolia_73315324_XS-300x200.jpg 300w\" sizes=\"(max-width: 424px) 85vw, 424px\" \/><\/a><\/figure>\n\n\n\n<h2 class=\"wp-block-heading\"><span style=\"color:#a31523\" class=\"tadv-color\">Einen Koffer bei Zeiten packen, um am Ziel nichts vergessen zu haben&#8230;<\/span><\/h2>\n\n\n\n<h4>Vorsorge hei\u00dft sich zu Lebzeiten zu k\u00fcmmern, im Sterbefall die Angeh\u00f6rigen zu entlasten.<\/h4>\n<p>Nehmen Sie mit uns Kontakt auf um Ihre einstige Bestattung zu besprechen.&nbsp;Sie haben die M\u00f6glichkeit&nbsp;alle W\u00fcnsche und Gedanken individuell in einem Bestattungsvorsorgevertrag festzuhalten. Damit wird Ihren Angeh\u00f6rigen im Sterbefall eine gro\u00dfe Last genommen. Gerne geben wir Informationen \u00fcber Vorsorge, Patientenverf\u00fcgung, Betreuungsverf\u00fcgung, Testament usw.<\/p>\n\n\n\n<hr class=\"wp-block-separator\"\/>\n\n\n\n<div class=\"wp-block-columns is-layout-flex wp-container-core-columns-is-layout-9d6595d7 wp-block-columns-is-layout-flex\">\n<div class=\"wp-block-column is-layout-flow wp-block-column-is-layout-flow\" style=\"flex-basis:33.33%\">\n<figure class=\"wp-block-image size-large\"><a href=\"https:\/\/www.niggebruegge-bestattungen.de\/wp-content\/uploads\/2021\/06\/Treuhand_zentriert-1.jpg\"><img loading=\"lazy\" decoding=\"async\" width=\"283\" height=\"119\" src=\"https:\/\/www.niggebruegge-bestattungen.de\/wp-content\/uploads\/2021\/06\/Treuhand_zentriert-1.jpg\" alt=\"\" class=\"wp-image-633\"\/><\/a><\/figure>\n<\/div>\n\n\n\n<div class=\"wp-block-column is-layout-flow wp-block-column-is-layout-flow\" style=\"flex-basis:66.66%\">\n<h2 id=\"block-90d8d92b-b356-4d49-8c45-1adaac84cdff\" class=\"block-editor-rich-text__editable block-editor-block-list__block wp-block is-selected is-typing is-focused is-focus-mode rich-text\" tabindex=\"0\" role=\"group\" aria-multiline=\"true\" aria-label=\"Block: \u00dcberschrift\" data-block=\"90d8d92b-b356-4d49-8c45-1adaac84cdff\" data-type=\"core\/heading\" data-title=\"\u00dcberschrift\"><span style=\"color: #a31523;\">Treuhandkonto<\/span><\/h2>\n<h4 id=\"block-d3a5b206-9ec9-469b-b459-dfc12a496b9b\" class=\"block-editor-rich-text__editable block-editor-block-list__block wp-block is-selected is-typing is-focused is-focus-mode rich-text\" tabindex=\"0\" role=\"group\" contenteditable=\"true\" aria-multiline=\"true\" aria-label=\"Block: \u00dcberschrift\" data-block=\"d3a5b206-9ec9-469b-b459-dfc12a496b9b\" data-type=\"core\/heading\" data-title=\"\u00dcberschrift\">Die Alternative zum Sterbegeld<\/h4>\n<\/div>\n<\/div>\n\n\n\n<p>Wir sind Partner der&nbsp;<a href=\"http:\/\/www.bestatter.de\/bdb2\/pages\/vorsorge\/treuhand.php\" target=\"_blank\" rel=\"noopener noreferrer\">Deutsche Bestattungsvorsorge Treuhand AG<\/a>, die&nbsp;eine Einrichtung des Bundesverbandes Deutscher Bestatter e.V., D\u00fcsseldorf, und des Kuratoriums Deutsche Bestattungskultur e.V., Bonn ist. Sie bietet einen Service zu den finanziellen Angelegenheiten im Sterbefall und ist eine Alternative zur Sterbegeldversicherung. Auch die Treuhand AG regelt f\u00fcr Sie bequem und sicher alle Fragen, die die Kosten betreffen.<\/p>\n\n\n\n<hr class=\"wp-block-separator\"\/>\n\n\n\n<h4 class=\"wp-block-heading\"><span style=\"color: #696969;\">Die wichtigsten Gr\u00fcnde f\u00fcr einen Bestattungsvorsorge &#8211; Treuhandvertrages<\/span><\/h4>\n\n\n\n<ul class=\"wp-block-list\"><li>Sicherung der eigenen W\u00fcnsche zur dereinstigen Bestattung durch finanzielle Absicherung.<\/li><li>Bessere Verzinsung als bei herk\u00f6mmlichen Sparbucheinlagen.<\/li><li class=\"p1\">Keine direkte Zugriffsm\u00f6glichkeit durch Dritte.<\/li><li class=\"p1\">Sicherheit der Geldanlage durch B\u00fcrgschaften der Treuhand AG und der Bank auf die eingezahlt wird.<\/li><li class=\"p1\"><span style=\"font-size: inherit;\">Keine laufenden Beitr\u00e4ge wie sie bei einer Versicherung anfallen w\u00fcrden.<\/span><\/li><\/ul>\n\n\n\n<hr class=\"wp-block-separator\"\/>\n\n\n\n<h4 class=\"wp-block-heading\"><span style=\"color: #696969;\"><a href=\"https:\/\/www.niggebruegge-bestattungen.de\/wp-content\/uploads\/2023\/02\/FlyerTreuhand23.pdf\" target=\"_blank\" rel=\"noreferrer noopener\">Hier<\/a> finden Sie den Flyer der Deutschen Bestattungsvorsorge AG<br><\/span><\/h4>\n\n\n\n<header>\n<h2 class=\"\">Bestattungsvorsorge mit einer Sterbegeldversicherung<\/h2>\n<\/header>\n\n\n\n<div class=\"ce-textpic layout-0\">\n<div class=\"ce-bodytext\">\n<p>Eine weitere Option ist die <a href=\"https:\/\/www.bestatter.de\/bestattungsvorsorge\/sterbegeldversicherung\/\">Sterbegeldversicherung<\/a>. Sie empfiehlt sich vor allem f\u00fcr j\u00fcngere Menschen. Hier werden monatlich kleine Betr\u00e4ge in eine Sterbegeldversicherung eingezahlt, die im Todesfall ausbezahlt wird. Gerade f\u00fcr Menschen mit kleineren Einkommen ist dies interessant. Es gibt in aller Regel keine Gesundheitspr\u00fcfung und das Geld wird nach entsprechenden Wartezeiten sofort nach Vertragsbeginn ausgezahlt.<\/p>\n<\/div>\n<\/div>\n\n\n\n<p><span style=\"color: #a31523;\"><strong>F\u00fcr weitere Informationen, stehen wir jederzeit zu einem pers\u00f6nlichen Gespr\u00e4ch zur Verf\u00fcgung.<\/strong><\/span><\/p>\n","protected":false},"excerpt":{"rendered":"<p>Einen Koffer bei Zeiten packen, um am Ziel nichts vergessen zu haben&#8230; Vorsorge hei\u00dft sich zu Lebzeiten zu k\u00fcmmern, im Sterbefall die Angeh\u00f6rigen zu entlasten. Nehmen Sie mit uns Kontakt auf um Ihre einstige Bestattung zu besprechen.&nbsp;Sie haben die M\u00f6glichkeit&nbsp;alle W\u00fcnsche und Gedanken individuell in einem Bestattungsvorsorgevertrag festzuhalten. Damit wird Ihren Angeh\u00f6rigen im Sterbefall eine &hellip; <a href=\"https:\/\/www.niggebruegge-bestattungen.de\/?page_id=42\" class=\"more-link\">Continue reading<span class=\"screen-reader-text\"> &#8222;Vorsorge&#8220;<\/span><\/a><\/p>\n","protected":false},"author":1,"featured_media":0,"parent":0,"menu_order":0,"comment_status":"closed","ping_status":"closed","template":"","meta":{"_monsterinsights_skip_tracking":false,"_monsterinsights_sitenote_active":false,"_monsterinsights_sitenote_note":"","_monsterinsights_sitenote_category":0,"footnotes":""},"class_list":["post-42","page","type-page","status-publish","hentry"],"yoast_head":"<!-- This site is optimized with the Yoast SEO plugin v25.6 - https:\/\/yoast.com\/wordpress\/plugins\/seo\/ -->\n<title>Vorsorge - Bestattungen Niggebr\u00fcgge<\/title>\n<meta name=\"description\" content=\"Ihr pers\u00f6nliches Bestattungshaus in Bielefeld. Feuer- und Erdbestattung \u00b7 Bestattungshaus seit 1954 \u00b7 Wir beantworten Ihnen alle Fragen zur Bestattung, unterst\u00fctzen Sie bei der Vorbereitung und Durchf\u00fchrung der Bestattung und betreuen Sie - auf Wunsch - w\u00e4hrend der schweren Zeit der Trauer.\" \/>\n<meta name=\"robots\" content=\"index, follow, max-snippet:-1, max-image-preview:large, max-video-preview:-1\" \/>\n<link rel=\"canonical\" href=\"https:\/\/www.niggebruegge-bestattungen.de\/?page_id=42\" \/>\n<meta property=\"og:locale\" content=\"de_DE\" \/>\n<meta property=\"og:type\" content=\"article\" \/>\n<meta property=\"og:title\" content=\"Vorsorge - Bestattungen Niggebr\u00fcgge\" \/>\n<meta property=\"og:description\" content=\"Ihr pers\u00f6nliches Bestattungshaus in Bielefeld. Feuer- und Erdbestattung \u00b7 Bestattungshaus seit 1954 \u00b7 Wir beantworten Ihnen alle Fragen zur Bestattung, unterst\u00fctzen Sie bei der Vorbereitung und Durchf\u00fchrung der Bestattung und betreuen Sie - auf Wunsch - w\u00e4hrend der schweren Zeit der Trauer.\" \/>\n<meta property=\"og:url\" content=\"https:\/\/www.niggebruegge-bestattungen.de\/?page_id=42\" \/>\n<meta property=\"og:site_name\" content=\"Bestattungen Niggebr\u00fcgge\" \/>\n<meta property=\"article:modified_time\" content=\"2023-02-26T12:30:21+00:00\" \/>\n<meta property=\"og:image\" content=\"https:\/\/www.niggebruegge-bestattungen.de\/wp-content\/uploads\/2016\/03\/Fotolia_73315324_XS.jpg\" \/>\n<meta name=\"twitter:card\" content=\"summary_large_image\" \/>\n<meta name=\"twitter:label1\" content=\"Gesch\u00e4tzte Lesezeit\" \/>\n\t<meta name=\"twitter:data1\" content=\"2\u00a0Minuten\" \/>\n<script type=\"application\/ld+json\" class=\"yoast-schema-graph\">{\"@context\":\"https:\/\/schema.org\",\"@graph\":[{\"@type\":\"WebPage\",\"@id\":\"https:\/\/www.niggebruegge-bestattungen.de\/?page_id=42\",\"url\":\"https:\/\/www.niggebruegge-bestattungen.de\/?page_id=42\",\"name\":\"Vorsorge - Bestattungen Niggebr\u00fcgge\",\"isPartOf\":{\"@id\":\"https:\/\/www.niggebruegge-bestattungen.de\/#website\"},\"primaryImageOfPage\":{\"@id\":\"https:\/\/www.niggebruegge-bestattungen.de\/?page_id=42#primaryimage\"},\"image\":{\"@id\":\"https:\/\/www.niggebruegge-bestattungen.de\/?page_id=42#primaryimage\"},\"thumbnailUrl\":\"https:\/\/www.niggebruegge-bestattungen.de\/wp-content\/uploads\/2016\/03\/Fotolia_73315324_XS.jpg\",\"datePublished\":\"2014-02-10T13:01:21+00:00\",\"dateModified\":\"2023-02-26T12:30:21+00:00\",\"description\":\"Ihr pers\u00f6nliches Bestattungshaus in Bielefeld. Feuer- und Erdbestattung \u00b7 Bestattungshaus seit 1954 \u00b7 Wir beantworten Ihnen alle Fragen zur Bestattung, unterst\u00fctzen Sie bei der Vorbereitung und Durchf\u00fchrung der Bestattung und betreuen Sie - auf Wunsch - w\u00e4hrend der schweren Zeit der Trauer.\",\"breadcrumb\":{\"@id\":\"https:\/\/www.niggebruegge-bestattungen.de\/?page_id=42#breadcrumb\"},\"inLanguage\":\"de\",\"potentialAction\":[{\"@type\":\"ReadAction\",\"target\":[\"https:\/\/www.niggebruegge-bestattungen.de\/?page_id=42\"]}]},{\"@type\":\"ImageObject\",\"inLanguage\":\"de\",\"@id\":\"https:\/\/www.niggebruegge-bestattungen.de\/?page_id=42#primaryimage\",\"url\":\"https:\/\/www.niggebruegge-bestattungen.de\/wp-content\/uploads\/2016\/03\/Fotolia_73315324_XS.jpg\",\"contentUrl\":\"https:\/\/www.niggebruegge-bestattungen.de\/wp-content\/uploads\/2016\/03\/Fotolia_73315324_XS.jpg\",\"width\":424,\"height\":283},{\"@type\":\"BreadcrumbList\",\"@id\":\"https:\/\/www.niggebruegge-bestattungen.de\/?page_id=42#breadcrumb\",\"itemListElement\":[{\"@type\":\"ListItem\",\"position\":1,\"name\":\"Startseite\",\"item\":\"https:\/\/www.niggebruegge-bestattungen.de\/\"},{\"@type\":\"ListItem\",\"position\":2,\"name\":\"Vorsorge\"}]},{\"@type\":\"WebSite\",\"@id\":\"https:\/\/www.niggebruegge-bestattungen.de\/#website\",\"url\":\"https:\/\/www.niggebruegge-bestattungen.de\/\",\"name\":\"Bestattungen Niggebr\u00fcgge\",\"description\":\"der letzte Weg in guten H\u00e4nden\",\"potentialAction\":[{\"@type\":\"SearchAction\",\"target\":{\"@type\":\"EntryPoint\",\"urlTemplate\":\"https:\/\/www.niggebruegge-bestattungen.de\/?s={search_term_string}\"},\"query-input\":{\"@type\":\"PropertyValueSpecification\",\"valueRequired\":true,\"valueName\":\"search_term_string\"}}],\"inLanguage\":\"de\"}]}<\/script>\n<!-- \/ Yoast SEO plugin. -->","yoast_head_json":{"title":"Vorsorge - Bestattungen Niggebr\u00fcgge","description":"Ihr pers\u00f6nliches Bestattungshaus in Bielefeld. Feuer- und Erdbestattung \u00b7 Bestattungshaus seit 1954 \u00b7 Wir beantworten Ihnen alle Fragen zur Bestattung, unterst\u00fctzen Sie bei der Vorbereitung und Durchf\u00fchrung der Bestattung und betreuen Sie - auf Wunsch - w\u00e4hrend der schweren Zeit der Trauer.","robots":{"index":"index","follow":"follow","max-snippet":"max-snippet:-1","max-image-preview":"max-image-preview:large","max-video-preview":"max-video-preview:-1"},"canonical":"https:\/\/www.niggebruegge-bestattungen.de\/?page_id=42","og_locale":"de_DE","og_type":"article","og_title":"Vorsorge - Bestattungen Niggebr\u00fcgge","og_description":"Ihr pers\u00f6nliches Bestattungshaus in Bielefeld. Feuer- und Erdbestattung \u00b7 Bestattungshaus seit 1954 \u00b7 Wir beantworten Ihnen alle Fragen zur Bestattung, unterst\u00fctzen Sie bei der Vorbereitung und Durchf\u00fchrung der Bestattung und betreuen Sie - auf Wunsch - w\u00e4hrend der schweren Zeit der Trauer.","og_url":"https:\/\/www.niggebruegge-bestattungen.de\/?page_id=42","og_site_name":"Bestattungen Niggebr\u00fcgge","article_modified_time":"2023-02-26T12:30:21+00:00","og_image":[{"url":"https:\/\/www.niggebruegge-bestattungen.de\/wp-content\/uploads\/2016\/03\/Fotolia_73315324_XS.jpg","type":"","width":"","height":""}],"twitter_card":"summary_large_image","twitter_misc":{"Gesch\u00e4tzte Lesezeit":"2\u00a0Minuten"},"schema":{"@context":"https:\/\/schema.org","@graph":[{"@type":"WebPage","@id":"https:\/\/www.niggebruegge-bestattungen.de\/?page_id=42","url":"https:\/\/www.niggebruegge-bestattungen.de\/?page_id=42","name":"Vorsorge - Bestattungen Niggebr\u00fcgge","isPartOf":{"@id":"https:\/\/www.niggebruegge-bestattungen.de\/#website"},"primaryImageOfPage":{"@id":"https:\/\/www.niggebruegge-bestattungen.de\/?page_id=42#primaryimage"},"image":{"@id":"https:\/\/www.niggebruegge-bestattungen.de\/?page_id=42#primaryimage"},"thumbnailUrl":"https:\/\/www.niggebruegge-bestattungen.de\/wp-content\/uploads\/2016\/03\/Fotolia_73315324_XS.jpg","datePublished":"2014-02-10T13:01:21+00:00","dateModified":"2023-02-26T12:30:21+00:00","description":"Ihr pers\u00f6nliches Bestattungshaus in Bielefeld. Feuer- und Erdbestattung \u00b7 Bestattungshaus seit 1954 \u00b7 Wir beantworten Ihnen alle Fragen zur Bestattung, unterst\u00fctzen Sie bei der Vorbereitung und Durchf\u00fchrung der Bestattung und betreuen Sie - auf Wunsch - w\u00e4hrend der schweren Zeit der Trauer.","breadcrumb":{"@id":"https:\/\/www.niggebruegge-bestattungen.de\/?page_id=42#breadcrumb"},"inLanguage":"de","potentialAction":[{"@type":"ReadAction","target":["https:\/\/www.niggebruegge-bestattungen.de\/?page_id=42"]}]},{"@type":"ImageObject","inLanguage":"de","@id":"https:\/\/www.niggebruegge-bestattungen.de\/?page_id=42#primaryimage","url":"https:\/\/www.niggebruegge-bestattungen.de\/wp-content\/uploads\/2016\/03\/Fotolia_73315324_XS.jpg","contentUrl":"https:\/\/www.niggebruegge-bestattungen.de\/wp-content\/uploads\/2016\/03\/Fotolia_73315324_XS.jpg","width":424,"height":283},{"@type":"BreadcrumbList","@id":"https:\/\/www.niggebruegge-bestattungen.de\/?page_id=42#breadcrumb","itemListElement":[{"@type":"ListItem","position":1,"name":"Startseite","item":"https:\/\/www.niggebruegge-bestattungen.de\/"},{"@type":"ListItem","position":2,"name":"Vorsorge"}]},{"@type":"WebSite","@id":"https:\/\/www.niggebruegge-bestattungen.de\/#website","url":"https:\/\/www.niggebruegge-bestattungen.de\/","name":"Bestattungen Niggebr\u00fcgge","description":"der letzte Weg in guten H\u00e4nden","potentialAction":[{"@type":"SearchAction","target":{"@type":"EntryPoint","urlTemplate":"https:\/\/www.niggebruegge-bestattungen.de\/?s={search_term_string}"},"query-input":{"@type":"PropertyValueSpecification","valueRequired":true,"valueName":"search_term_string"}}],"inLanguage":"de"}]}},"_links":{"self":[{"href":"https:\/\/www.niggebruegge-bestattungen.de\/index.php?rest_route=\/wp\/v2\/pages\/42","targetHints":{"allow":["GET"]}}],"collection":[{"href":"https:\/\/www.niggebruegge-bestattungen.de\/index.php?rest_route=\/wp\/v2\/pages"}],"about":[{"href":"https:\/\/www.niggebruegge-bestattungen.de\/index.php?rest_route=\/wp\/v2\/types\/page"}],"author":[{"embeddable":true,"href":"https:\/\/www.niggebruegge-bestattungen.de\/index.php?rest_route=\/wp\/v2\/users\/1"}],"replies":[{"embeddable":true,"href":"https:\/\/www.niggebruegge-bestattungen.de\/index.php?rest_route=%2Fwp%2Fv2%2Fcomments&post=42"}],"version-history":[{"count":1,"href":"https:\/\/www.niggebruegge-bestattungen.de\/index.php?rest_route=\/wp\/v2\/pages\/42\/revisions"}],"predecessor-version":[{"id":991,"href":"https:\/\/www.niggebruegge-bestattungen.de\/index.php?rest_route=\/wp\/v2\/pages\/42\/revisions\/991"}],"wp:attachment":[{"href":"https:\/\/www.niggebruegge-bestattungen.de\/index.php?rest_route=%2Fwp%2Fv2%2Fmedia&parent=42"}],"curies":[{"name":"wp","href":"https:\/\/api.w.org\/{rel}","templated":true}]}}