{"id":66,"date":"2014-02-10T15:40:54","date_gmt":"2014-02-10T13:40:54","guid":{"rendered":"http:\/\/www.niggebruegge-bestattungen.de\/?page_id=66"},"modified":"2022-06-07T15:24:07","modified_gmt":"2022-06-07T13:24:07","slug":"erbrecht","status":"publish","type":"page","link":"https:\/\/www.niggebruegge-bestattungen.de\/?page_id=66","title":{"rendered":"Erbrecht"},"content":{"rendered":"<h1>Letztwillige Verf\u00fcgung<\/h1>\n<h2><\/h2>\n<h3>Das Testament<\/h3>\n<p>Jeder Mensch hat das Recht, innerhalb eines bestimmten Rahmens den Ort, die Form und den Ablauf seiner Beerdigung zu bestimmen. Voraussetzung ist allerdings, dass dieser Wunsch schriftlich festgehalten wird: in der letztwilligen Verf\u00fcgung, dem Testament. Der formal korrekt verfasste letzte Wille ist bindend f\u00fcr die Angeh\u00f6rigen. Liegt kein Testament vor, entscheiden die n\u00e4chsten Angeh\u00f6rigen \u00fcber das gesamte Prozedere. Priorit\u00e4t hat dabei der Wille des Ehegatten. Ist kein Ehepartner hinterblieben, gilt der Wille der Kinder oder deren Ehegatten. Es folgen die weiteren Verwandten in der Reihe ihres Verwandtschaftsgrades. Im Zweifelsfall kann bei unterschiedlichen Auffassungen zwischen Angeh\u00f6rigen gleichen Grades die Polizei- oder die Ordnungsbeh\u00f6rde hinzugezogen werden.<\/p>\n<\/p>\n<div><\/div>\n<h3>Die gesetzliche Erbfolge:\u00a0Alles der Reihe nach<\/h3>\n<p>Die Erbfolge ist in Deutschland so geregelt, dass\u00a0in erster Linie die Kindererben. Wurde die Ehe in Form einer Zugewinngemeinschaft gef\u00fchrt (Normalfall), erh\u00e4lt der \u00fcberlebende Ehepartner aber die H\u00e4fte des Verm\u00f6gens. Bei G\u00fctertrennung muss er es mit den Miterben teilen. Kinder und Ehepartner erben immer, denn sie haben einen\u00a0Pflichtteilanspruch\u00a0in halber H\u00f6he ihrer gesetzlichen Anspr\u00fcche. Auch der testamentarische Alleinerbe muss diesen Pflichten nachkommen &#8211;\u00a0und zwar in bar.<\/p>\n<p>Erben erster Ordnung sind:\u00a0Kinder, Enkel, Urenkel<\/p>\n<p>Erben zweiter Ordnung sind:\u00a0Eltern, Geschwister, Neffen\/Nichten<\/p>\n<p>Erben dritter Ordnung sind:\u00a0Gro\u00dfeltern, Onkel\/Tanten, Cousin\/Cousine<\/p>\n<p>Unter dem Men\u00fcpunkt\u00a0<a style=\"font-weight: bold;\" href=\"https:\/\/www.niggebruegge-bestattungen.de\/?page_id=83\" target=\"_self\" rel=\"noopener\">Gesetzliche Erbfolge<\/a>\u00a0erfahren Sie mehr.<\/p>\n<\/p>\n<h3>Weitere wichtige Regelungen<\/h3>\n<p>Nicht eheliche und eheliche Kinder sind in der ersten Ordnung gleichgestellt. Auch adoptierte Kinder fallen darunter.<\/p>\n<p>Solange ein Verwandter einer vorhergehenden Ordnung vorhanden ist, schlie\u00dft er alle Verwandten nachfolgender Ordnung aus.<\/p>\n<p>Das Erbrecht eines gestorbenen Verwandten geht auf dessen Kinder \u00fcber. Das Erbrecht des Ehegatten gilt nur, wenn er mit dem Erblasser zum Zeitpunkt des Todes verheiratet war.<\/p>\n<p>Sind Erben erster Ordnung vorhanden, dann erh\u00e4lt der \u00fcberlebende Ehepartner ein Viertel der Erbschaft sowie die zum ehelichen Haushalt geh\u00f6renden Gegenst\u00e4nde, das so genannte Voraus.<\/p>\n<p>Im Falle der Zugewinngemeinschaft erh\u00f6ht sich der gesetzliche Erbteil des \u00fcberlebenden Ehegatten um ein Viertel.<\/p>\n<p>Erbberechtigte Abkommen des Erblassers, die nicht aus der durch Tod aufgel\u00f6sten Ehe stammen, erhalten vom \u00fcberlebenden Ehegatten Mittel zu einer angemessenen Ausbildung.<\/p>\n<p>Im Falle der G\u00fctertrennung erbt der \u00fcberlebende Ehegatte bei einem oder zwei Kindern zu gleichen Teilen, bei drei oder mehr Kindern ein Viertel.<\/p>\n<p>Wenn weder Ehegatte noch sonstige Verwandten des Erblassers leben oder wenn Erbberechtigte die Erbschaft ausschlagen, dann erbt Vater Staat.<\/p>\n<p><em>Mit freundlicher Unterst\u00fctzung von focus.de<\/em><\/p>\n<\/p>\n<p>Weitere Informationen zum Erbrecht finden Sie in dieser <a href=\"http:\/\/url.bestatterwebtool.de\/bmjverben\" target=\"_blank\" rel=\"nofollow noopener\">Brosch\u00fcre des Bundesministeriums der Justiz und f\u00fcr Verbraucherschutz<\/a>.<\/p>\n","protected":false},"excerpt":{"rendered":"<p>Letztwillige Verf\u00fcgung Das Testament Jeder Mensch hat das Recht, innerhalb eines bestimmten Rahmens den Ort, die Form und den Ablauf seiner Beerdigung zu bestimmen. Voraussetzung ist allerdings, dass dieser Wunsch schriftlich festgehalten wird: in der letztwilligen Verf\u00fcgung, dem Testament. Der formal korrekt verfasste letzte Wille ist bindend f\u00fcr die Angeh\u00f6rigen. Liegt kein Testament vor, entscheiden &hellip; <a href=\"https:\/\/www.niggebruegge-bestattungen.de\/?page_id=66\" class=\"more-link\">Continue reading<span class=\"screen-reader-text\"> &#8222;Erbrecht&#8220;<\/span><\/a><\/p>\n","protected":false},"author":1,"featured_media":0,"parent":0,"menu_order":0,"comment_status":"closed","ping_status":"closed","template":"","meta":{"_monsterinsights_skip_tracking":false,"_monsterinsights_sitenote_active":false,"_monsterinsights_sitenote_note":"","_monsterinsights_sitenote_category":0,"footnotes":""},"class_list":["post-66","page","type-page","status-publish","hentry"],"yoast_head":"<!-- This site is optimized with the Yoast SEO plugin v25.6 - https:\/\/yoast.com\/wordpress\/plugins\/seo\/ -->\n<title>Erbrecht - Bestattungen Niggebr\u00fcgge<\/title>\n<meta name=\"description\" content=\"Ihr pers\u00f6nliches Bestattungshaus in Bielefeld. Feuer- und Erdbestattung \u00b7 Bestattungshaus seit 1954 \u00b7 Wir beantworten Ihnen alle Fragen zur Bestattung, unterst\u00fctzen Sie bei der Vorbereitung und Durchf\u00fchrung der Bestattung und betreuen Sie - auf Wunsch - w\u00e4hrend der schweren Zeit der Trauer.\" \/>\n<meta name=\"robots\" content=\"index, follow, max-snippet:-1, max-image-preview:large, max-video-preview:-1\" \/>\n<link rel=\"canonical\" href=\"https:\/\/www.niggebruegge-bestattungen.de\/?page_id=66\" \/>\n<meta property=\"og:locale\" content=\"de_DE\" \/>\n<meta property=\"og:type\" content=\"article\" \/>\n<meta property=\"og:title\" content=\"Erbrecht - Bestattungen Niggebr\u00fcgge\" \/>\n<meta property=\"og:description\" content=\"Ihr pers\u00f6nliches Bestattungshaus in Bielefeld. Feuer- und Erdbestattung \u00b7 Bestattungshaus seit 1954 \u00b7 Wir beantworten Ihnen alle Fragen zur Bestattung, unterst\u00fctzen Sie bei der Vorbereitung und Durchf\u00fchrung der Bestattung und betreuen Sie - auf Wunsch - w\u00e4hrend der schweren Zeit der Trauer.\" \/>\n<meta property=\"og:url\" content=\"https:\/\/www.niggebruegge-bestattungen.de\/?page_id=66\" \/>\n<meta property=\"og:site_name\" content=\"Bestattungen Niggebr\u00fcgge\" \/>\n<meta property=\"article:modified_time\" content=\"2022-06-07T13:24:07+00:00\" \/>\n<meta name=\"twitter:card\" content=\"summary_large_image\" \/>\n<meta name=\"twitter:label1\" content=\"Gesch\u00e4tzte Lesezeit\" \/>\n\t<meta name=\"twitter:data1\" content=\"2\u00a0Minuten\" \/>\n<script type=\"application\/ld+json\" class=\"yoast-schema-graph\">{\"@context\":\"https:\/\/schema.org\",\"@graph\":[{\"@type\":\"WebPage\",\"@id\":\"https:\/\/www.niggebruegge-bestattungen.de\/?page_id=66\",\"url\":\"https:\/\/www.niggebruegge-bestattungen.de\/?page_id=66\",\"name\":\"Erbrecht - Bestattungen Niggebr\u00fcgge\",\"isPartOf\":{\"@id\":\"https:\/\/www.niggebruegge-bestattungen.de\/#website\"},\"datePublished\":\"2014-02-10T13:40:54+00:00\",\"dateModified\":\"2022-06-07T13:24:07+00:00\",\"description\":\"Ihr pers\u00f6nliches Bestattungshaus in Bielefeld. Feuer- und Erdbestattung \u00b7 Bestattungshaus seit 1954 \u00b7 Wir beantworten Ihnen alle Fragen zur Bestattung, unterst\u00fctzen Sie bei der Vorbereitung und Durchf\u00fchrung der Bestattung und betreuen Sie - auf Wunsch - w\u00e4hrend der schweren Zeit der Trauer.\",\"breadcrumb\":{\"@id\":\"https:\/\/www.niggebruegge-bestattungen.de\/?page_id=66#breadcrumb\"},\"inLanguage\":\"de\",\"potentialAction\":[{\"@type\":\"ReadAction\",\"target\":[\"https:\/\/www.niggebruegge-bestattungen.de\/?page_id=66\"]}]},{\"@type\":\"BreadcrumbList\",\"@id\":\"https:\/\/www.niggebruegge-bestattungen.de\/?page_id=66#breadcrumb\",\"itemListElement\":[{\"@type\":\"ListItem\",\"position\":1,\"name\":\"Startseite\",\"item\":\"https:\/\/www.niggebruegge-bestattungen.de\/\"},{\"@type\":\"ListItem\",\"position\":2,\"name\":\"Erbrecht\"}]},{\"@type\":\"WebSite\",\"@id\":\"https:\/\/www.niggebruegge-bestattungen.de\/#website\",\"url\":\"https:\/\/www.niggebruegge-bestattungen.de\/\",\"name\":\"Bestattungen Niggebr\u00fcgge\",\"description\":\"der letzte Weg in guten H\u00e4nden\",\"potentialAction\":[{\"@type\":\"SearchAction\",\"target\":{\"@type\":\"EntryPoint\",\"urlTemplate\":\"https:\/\/www.niggebruegge-bestattungen.de\/?s={search_term_string}\"},\"query-input\":{\"@type\":\"PropertyValueSpecification\",\"valueRequired\":true,\"valueName\":\"search_term_string\"}}],\"inLanguage\":\"de\"}]}<\/script>\n<!-- \/ Yoast SEO plugin. -->","yoast_head_json":{"title":"Erbrecht - Bestattungen Niggebr\u00fcgge","description":"Ihr pers\u00f6nliches Bestattungshaus in Bielefeld. Feuer- und Erdbestattung \u00b7 Bestattungshaus seit 1954 \u00b7 Wir beantworten Ihnen alle Fragen zur Bestattung, unterst\u00fctzen Sie bei der Vorbereitung und Durchf\u00fchrung der Bestattung und betreuen Sie - auf Wunsch - w\u00e4hrend der schweren Zeit der Trauer.","robots":{"index":"index","follow":"follow","max-snippet":"max-snippet:-1","max-image-preview":"max-image-preview:large","max-video-preview":"max-video-preview:-1"},"canonical":"https:\/\/www.niggebruegge-bestattungen.de\/?page_id=66","og_locale":"de_DE","og_type":"article","og_title":"Erbrecht - Bestattungen Niggebr\u00fcgge","og_description":"Ihr pers\u00f6nliches Bestattungshaus in Bielefeld. Feuer- und Erdbestattung \u00b7 Bestattungshaus seit 1954 \u00b7 Wir beantworten Ihnen alle Fragen zur Bestattung, unterst\u00fctzen Sie bei der Vorbereitung und Durchf\u00fchrung der Bestattung und betreuen Sie - auf Wunsch - w\u00e4hrend der schweren Zeit der Trauer.","og_url":"https:\/\/www.niggebruegge-bestattungen.de\/?page_id=66","og_site_name":"Bestattungen Niggebr\u00fcgge","article_modified_time":"2022-06-07T13:24:07+00:00","twitter_card":"summary_large_image","twitter_misc":{"Gesch\u00e4tzte Lesezeit":"2\u00a0Minuten"},"schema":{"@context":"https:\/\/schema.org","@graph":[{"@type":"WebPage","@id":"https:\/\/www.niggebruegge-bestattungen.de\/?page_id=66","url":"https:\/\/www.niggebruegge-bestattungen.de\/?page_id=66","name":"Erbrecht - Bestattungen Niggebr\u00fcgge","isPartOf":{"@id":"https:\/\/www.niggebruegge-bestattungen.de\/#website"},"datePublished":"2014-02-10T13:40:54+00:00","dateModified":"2022-06-07T13:24:07+00:00","description":"Ihr pers\u00f6nliches Bestattungshaus in Bielefeld. Feuer- und Erdbestattung \u00b7 Bestattungshaus seit 1954 \u00b7 Wir beantworten Ihnen alle Fragen zur Bestattung, unterst\u00fctzen Sie bei der Vorbereitung und Durchf\u00fchrung der Bestattung und betreuen Sie - auf Wunsch - w\u00e4hrend der schweren Zeit der Trauer.","breadcrumb":{"@id":"https:\/\/www.niggebruegge-bestattungen.de\/?page_id=66#breadcrumb"},"inLanguage":"de","potentialAction":[{"@type":"ReadAction","target":["https:\/\/www.niggebruegge-bestattungen.de\/?page_id=66"]}]},{"@type":"BreadcrumbList","@id":"https:\/\/www.niggebruegge-bestattungen.de\/?page_id=66#breadcrumb","itemListElement":[{"@type":"ListItem","position":1,"name":"Startseite","item":"https:\/\/www.niggebruegge-bestattungen.de\/"},{"@type":"ListItem","position":2,"name":"Erbrecht"}]},{"@type":"WebSite","@id":"https:\/\/www.niggebruegge-bestattungen.de\/#website","url":"https:\/\/www.niggebruegge-bestattungen.de\/","name":"Bestattungen Niggebr\u00fcgge","description":"der letzte Weg in guten H\u00e4nden","potentialAction":[{"@type":"SearchAction","target":{"@type":"EntryPoint","urlTemplate":"https:\/\/www.niggebruegge-bestattungen.de\/?s={search_term_string}"},"query-input":{"@type":"PropertyValueSpecification","valueRequired":true,"valueName":"search_term_string"}}],"inLanguage":"de"}]}},"_links":{"self":[{"href":"https:\/\/www.niggebruegge-bestattungen.de\/index.php?rest_route=\/wp\/v2\/pages\/66","targetHints":{"allow":["GET"]}}],"collection":[{"href":"https:\/\/www.niggebruegge-bestattungen.de\/index.php?rest_route=\/wp\/v2\/pages"}],"about":[{"href":"https:\/\/www.niggebruegge-bestattungen.de\/index.php?rest_route=\/wp\/v2\/types\/page"}],"author":[{"embeddable":true,"href":"https:\/\/www.niggebruegge-bestattungen.de\/index.php?rest_route=\/wp\/v2\/users\/1"}],"replies":[{"embeddable":true,"href":"https:\/\/www.niggebruegge-bestattungen.de\/index.php?rest_route=%2Fwp%2Fv2%2Fcomments&post=66"}],"version-history":[{"count":2,"href":"https:\/\/www.niggebruegge-bestattungen.de\/index.php?rest_route=\/wp\/v2\/pages\/66\/revisions"}],"predecessor-version":[{"id":933,"href":"https:\/\/www.niggebruegge-bestattungen.de\/index.php?rest_route=\/wp\/v2\/pages\/66\/revisions\/933"}],"wp:attachment":[{"href":"https:\/\/www.niggebruegge-bestattungen.de\/index.php?rest_route=%2Fwp%2Fv2%2Fmedia&parent=66"}],"curies":[{"name":"wp","href":"https:\/\/api.w.org\/{rel}","templated":true}]}}