{"id":689,"date":"2021-06-17T15:07:25","date_gmt":"2021-06-17T13:07:25","guid":{"rendered":"https:\/\/www.niggebruegge-bestattungen.de\/?page_id=689"},"modified":"2021-06-20T10:26:17","modified_gmt":"2021-06-20T08:26:17","slug":"689-2","status":"publish","type":"page","link":"https:\/\/www.niggebruegge-bestattungen.de\/?page_id=689","title":{"rendered":"Wir \u00fcber uns"},"content":{"rendered":"\n    \n    <section class=\"u-clearfix u-section-2\" id=\"sec-b43d\">\n      <div class=\"u-clearfix u-sheet u-sheet-1\">\n        <div class=\"u-clearfix u-expanded-width u-gutter-10 u-layout-wrap u-layout-wrap-1\">\n          <div class=\"u-layout\" style=\"\">\n            <div class=\"u-layout-row\" style=\"\">\n              <div class=\"u-align-left u-container-style u-image u-layout-cell u-left-cell u-size-30 u-size-xs-60 u-image-1\" src=\"\" data-image-width=\"250\" data-image-height=\"152\">\n                <div class=\"u-container-layout u-valign-middle u-container-layout-1\" src=\"\"><\/div>\n              <\/div>\n              <div class=\"u-align-left u-container-style u-layout-cell u-right-cell u-size-30 u-size-xs-60 u-white u-layout-cell-2\">\n                <div class=\"u-container-layout u-valign-middle u-container-layout-2\">\n                  <h2 class=\"u-text u-text-1\">Bestatter in dritter Generation<\/h2>\n                  <p class=\"u-text u-text-2\">Wir sind ein familiengef\u00fchrtes Bestattungsunternehmen.&nbsp;Alles begann mit der Gr\u00fcndung einer Tischlerei 1899 an der Stapenhorststra\u00dfe.&nbsp;Seit 1954 finden Sie uns an der Apfelstra\u00dfe 27a, 33613 Bielefeld.In unserer Arbeit vereinen sich unsere Erfahrungen als traditionsreiches Unternehmen, unsere fachliche Kompetenz, unsere individuelle und respektvolle Betreuung sowie die st\u00e4ndige Weiterentwicklung unseres Dienstleistungsangebots.<br>\n                  <\/p>\n                <\/div>\n              <\/div>\n            <\/div>\n          <\/div>\n        <\/div>\n      <\/div>\n    <\/section>\n    <section class=\"u-clearfix u-section-3\" id=\"carousel_1df8\">\n      <div class=\"u-clearfix u-sheet u-sheet-1\">\n        <div class=\"u-clearfix u-expanded-width u-gutter-10 u-layout-wrap u-layout-wrap-1\">\n          <div class=\"u-layout\" style=\"\">\n            <div class=\"u-layout-row\" style=\"\">\n              <div class=\"u-align-left u-container-style u-layout-cell u-left-cell u-shape-rectangle u-size-23 u-size-xs-60 u-layout-cell-1\" src=\"\">\n                <div class=\"u-container-layout u-valign-middle u-container-layout-1\" src=\"\">\n                  <img decoding=\"async\" src=\"https:\/\/www.niggebruegge-bestattungen.de\/wp-content\/uploads\/2021\/06\/MZ-grau-weiss-klein-1.png\" alt=\"\" class=\"u-image u-image-default u-image-1\" data-image-width=\"376\" data-image-height=\"510\">\n                  <img decoding=\"async\" src=\"https:\/\/www.niggebruegge-bestattungen.de\/wp-content\/uploads\/2021\/06\/ZDH-ZERT-ZERTIFIZIERT-1.jpg\" alt=\"\" class=\"u-image u-image-default u-image-2\" data-image-width=\"1082\" data-image-height=\"1092\">\n                <\/div>\n              <\/div>\n              <div class=\"u-align-left u-container-style u-layout-cell u-right-cell u-size-37 u-size-xs-60 u-white u-layout-cell-2\">\n                <div class=\"u-container-layout u-container-layout-2\">\n                  <h2 class=\"u-text u-text-1\">Qualifikation<\/h2>\n                  <p class=\"u-text u-text-2\">Als besonders qualifiziertes Bestattungsunternehmen f\u00fchren wir das Fachzeichen, dass der Bundesverband deutscher Bestatter e.V. als Zeichen f\u00fcr Qualit\u00e4t und Kompetenz geschaffen hat. Neben einer abgeschlossenen Fachausbildung, dem Nachweis besonderer pers\u00f6nlicher Zuverl\u00e4ssigkeit und einem fachgerecht ausgestatteten Betrieb ist ein funktionierendens Qualit\u00e4tsmanagement-System nach DIN EN 15017 nachzuweisen. Weitere Informationen rund um das Markenzeichen der Bestatter finden sie&nbsp;<a href=\"https:\/\/www.bestatter.de\/markenzeichen\/das-markenzeichen-der-bestatter\/\" target=\"_blank\" rel=\"noopener noreferrer\" class=\"u-active-none u-border-none u-btn u-button-style u-hover-none u-none u-text-palette-1-base u-btn-1\">hier<\/a>.<br>\n                  <\/p>\n                <\/div>\n              <\/div>\n            <\/div>\n          <\/div>\n        <\/div>\n      <\/div>\n    <\/section>\n    <section class=\"u-clearfix u-section-4\" id=\"sec-1859\">\n      <div class=\"u-clearfix u-sheet u-valign-middle u-sheet-1\">\n        <div class=\"u-align-left u-border-no-bottom u-border-no-left u-border-no-right u-border-no-top u-container-style u-group u-group-1\">\n          <div class=\"u-container-layout u-container-layout-1\">\n            <p class=\"u-text u-text-1\">&nbsp;Im Trauerfall stehen wir den Angeh\u00f6rigen mit Rat und Tat zur Seite. Ein der Ausnahmesituation angemessener gef\u00fchlvoller Umgang bis hin zur pers\u00f6nlichen Begleitung bei der Trauerfeier \/ Beerdigung sind uns sehr wichtig. Die W\u00fcnsche der Angeh\u00f6rigen stehen f\u00fcr uns dabei im Vordergrund.<br>Dies ist vor allem:<br>\n            <\/p>\n            <ul class=\"u-custom-font u-font-raleway u-text u-text-2\">\n              <li>die individuelle Ausf\u00fchrung der Bestattung<\/li>\n              <li style=\"\">Erledigung aller notwendigen Formalit\u00e4ten (bei Beh\u00f6rden, Friedhofsverwaltungen, Krankenh\u00e4usern, Kirchengemeinden usw.)<\/li>\n              <li>Bearbeitung und Abwicklung finanzieller Anspr\u00fcche bei Versicherungen,&nbsp;Sterbegeldkassen,&nbsp;Gewerkschaften und Rententr\u00e4gern wie Dt. Rentenversicherung Bund (fr\u00fcher BfA, LVA).<br>\n              <\/li>\n            <\/ul>\n            <p class=\"u-custom-font u-font-raleway u-text u-text-3\">Wir beraten Sie fachlich korrekt in unseren Beratungsr\u00e4umen oder bei Ihnen zu Hause. Viele Dienstleistungen f\u00fchren wir in Eigenregie durch. Das sind z. B. die \u00dcberf\u00fchrungen im eigenen gepflegten Bestattungswagen, der Druck der Trauerbriefe oder die Gestaltung von Todesanzeigen. Die Trauerbriefe besprechen wir mit Ihnen und gestalten Sie nach Ihren Vorstellungen. Ob sie klassisch gestaltet werden sollen, modern oder ausgefallen, als Mediengestalter kann ich Ihnen alle machbaren W\u00fcnsche erf\u00fcllen. Der Druck selbst erfolgt innerhalb 2-3 Stunden in unserem Haus. Auch die Todesanzeige f\u00fcr die Zeitung wird von uns gestaltet und der Zeitung \u00fcbermittelt. Nur so ist sicher, dass sie auch Ihren Vorgaben bzw. Ihrer Vorstellung entspricht.<br>\n              <br>\n              <br>\u201eUnsere Feierhalle\u201c ist z. Zt. die von der Friedhofs GmbH Bielefeld gef\u00fchrte Kapelle auf dem Alten Friedhof Jahnplatz. Als Gesellschafter der Friedhofsdienst GmbH sind wir an der Friedhofs GmbH Bielefeld beteiligt. Die neuerbaute Kapelle mit ihrer modernen, schlichten Eleganz bietet den Rahmen f\u00fcr eine w\u00fcrdevolle Abschiednahme auch f\u00fcr gehobene Anspr\u00fcche. Der Termin f\u00fcr Trauerfeiern wird mit Ihnen, dem Pfarrer bzw. der Pfarrerin oder dem Trauerredner festgelegt. Auch bei der Ausgestaltung der Kapelle, dem Schm\u00fccken des Sarges oder der Urne mit einem Blumenbukett, Blumenbestellungen in Form von Kr\u00e4nzen, Gestecken oder einer zus\u00e4tzlichen musikalischen Gestaltung stehen wir Ihnen zur Seite. Als Andenken an die Trauerfeier bekommen Sie von uns ein kleines kostenloses Fotobuch. Die Planung eines \u201eBeerdigungs-Kaffeetrinkens\u201c in einem Restaurant oder Caf\u00e9 geh\u00f6rt ebenfalls zu unserem Serviceangebot.<br>\n              <br>\n              <br>Wir bieten Ihnen unverbindlich und kostenlos Beratungsgespr\u00e4che an, gerne bei Ihnen zu Hause oder bei uns in unseren R\u00e4umen.<br>\n              <br>\n              <br>Sie erreichen uns t\u00e4glich von 8.30 \u2013 13 Uhr und 14 \u2013 16.30 Uhr.<br>In Notf\u00e4llen sind wir f\u00fcr Sie immer erreichbar.<br>Ihr Bestattungshaus Niggebr\u00fcgge<br>\n            <\/p>\n            <img decoding=\"async\" src=\"https:\/\/www.niggebruegge-bestattungen.de\/wp-content\/uploads\/2014\/02\/IMG_3626.jpg\" alt=\"\" class=\"u-expanded-width u-image u-image-default u-image-1\" data-image-width=\"3888\" data-image-height=\"2592\">\n          <\/div>\n        <\/div>\n      <\/div>\n    <\/section>\n    \n    \n  \n","protected":false},"excerpt":{"rendered":"<p>Bestatter in dritter Generation Wir sind ein familiengef\u00fchrtes Bestattungsunternehmen.&nbsp;Alles begann mit der Gr\u00fcndung einer Tischlerei 1899 an der Stapenhorststra\u00dfe.&nbsp;Seit 1954 finden Sie uns an der Apfelstra\u00dfe 27a, 33613 Bielefeld.In unserer Arbeit vereinen sich unsere Erfahrungen als traditionsreiches Unternehmen, unsere fachliche Kompetenz, unsere individuelle und respektvolle Betreuung sowie die st\u00e4ndige Weiterentwicklung unseres Dienstleistungsangebots. Qualifikation Als besonders &hellip; <a href=\"https:\/\/www.niggebruegge-bestattungen.de\/?page_id=689\" class=\"more-link\">Continue reading<span class=\"screen-reader-text\"> &#8222;Wir \u00fcber uns&#8220;<\/span><\/a><\/p>\n","protected":false},"author":1,"featured_media":0,"parent":0,"menu_order":0,"comment_status":"closed","ping_status":"closed","template":"","meta":{"_monsterinsights_skip_tracking":false,"_monsterinsights_sitenote_active":false,"_monsterinsights_sitenote_note":"","_monsterinsights_sitenote_category":0,"footnotes":""},"class_list":["post-689","page","type-page","status-publish","hentry"],"yoast_head":"<!-- This site is optimized with the Yoast SEO plugin v25.6 - https:\/\/yoast.com\/wordpress\/plugins\/seo\/ -->\n<title>Wir \u00fcber uns - Bestattungen Niggebr\u00fcgge<\/title>\n<meta name=\"description\" content=\"Ihr pers\u00f6nliches Bestattungshaus in Bielefeld. Feuer- und Erdbestattung \u00b7 Bestattungshaus seit 1954 \u00b7 Wir beantworten Ihnen alle Fragen zur Bestattung, unterst\u00fctzen Sie bei der Vorbereitung und Durchf\u00fchrung der Bestattung und betreuen Sie - auf Wunsch - w\u00e4hrend der schweren Zeit der Trauer.\" \/>\n<meta name=\"robots\" content=\"index, follow, max-snippet:-1, max-image-preview:large, max-video-preview:-1\" \/>\n<link rel=\"canonical\" href=\"https:\/\/www.niggebruegge-bestattungen.de\/?page_id=689\" \/>\n<meta property=\"og:locale\" content=\"de_DE\" \/>\n<meta property=\"og:type\" content=\"article\" \/>\n<meta property=\"og:title\" content=\"Wir \u00fcber uns - Bestattungen Niggebr\u00fcgge\" \/>\n<meta property=\"og:description\" content=\"Ihr pers\u00f6nliches Bestattungshaus in Bielefeld. Feuer- und Erdbestattung \u00b7 Bestattungshaus seit 1954 \u00b7 Wir beantworten Ihnen alle Fragen zur Bestattung, unterst\u00fctzen Sie bei der Vorbereitung und Durchf\u00fchrung der Bestattung und betreuen Sie - auf Wunsch - w\u00e4hrend der schweren Zeit der Trauer.\" \/>\n<meta property=\"og:url\" content=\"https:\/\/www.niggebruegge-bestattungen.de\/?page_id=689\" \/>\n<meta property=\"og:site_name\" content=\"Bestattungen Niggebr\u00fcgge\" \/>\n<meta property=\"article:modified_time\" content=\"2021-06-20T08:26:17+00:00\" \/>\n<meta name=\"twitter:card\" content=\"summary_large_image\" \/>\n<meta name=\"twitter:label1\" content=\"Gesch\u00e4tzte Lesezeit\" \/>\n\t<meta name=\"twitter:data1\" content=\"3\u00a0Minuten\" \/>\n<script type=\"application\/ld+json\" class=\"yoast-schema-graph\">{\"@context\":\"https:\/\/schema.org\",\"@graph\":[{\"@type\":\"WebPage\",\"@id\":\"https:\/\/www.niggebruegge-bestattungen.de\/?page_id=689\",\"url\":\"https:\/\/www.niggebruegge-bestattungen.de\/?page_id=689\",\"name\":\"Wir \u00fcber uns - Bestattungen Niggebr\u00fcgge\",\"isPartOf\":{\"@id\":\"https:\/\/www.niggebruegge-bestattungen.de\/#website\"},\"datePublished\":\"2021-06-17T13:07:25+00:00\",\"dateModified\":\"2021-06-20T08:26:17+00:00\",\"description\":\"Ihr pers\u00f6nliches Bestattungshaus in Bielefeld. Feuer- und Erdbestattung \u00b7 Bestattungshaus seit 1954 \u00b7 Wir beantworten Ihnen alle Fragen zur Bestattung, unterst\u00fctzen Sie bei der Vorbereitung und Durchf\u00fchrung der Bestattung und betreuen Sie - auf Wunsch - w\u00e4hrend der schweren Zeit der Trauer.\",\"breadcrumb\":{\"@id\":\"https:\/\/www.niggebruegge-bestattungen.de\/?page_id=689#breadcrumb\"},\"inLanguage\":\"de\",\"potentialAction\":[{\"@type\":\"ReadAction\",\"target\":[\"https:\/\/www.niggebruegge-bestattungen.de\/?page_id=689\"]}]},{\"@type\":\"BreadcrumbList\",\"@id\":\"https:\/\/www.niggebruegge-bestattungen.de\/?page_id=689#breadcrumb\",\"itemListElement\":[{\"@type\":\"ListItem\",\"position\":1,\"name\":\"Startseite\",\"item\":\"https:\/\/www.niggebruegge-bestattungen.de\/\"},{\"@type\":\"ListItem\",\"position\":2,\"name\":\"Wir \u00fcber uns\"}]},{\"@type\":\"WebSite\",\"@id\":\"https:\/\/www.niggebruegge-bestattungen.de\/#website\",\"url\":\"https:\/\/www.niggebruegge-bestattungen.de\/\",\"name\":\"Bestattungen Niggebr\u00fcgge\",\"description\":\"der letzte Weg in guten H\u00e4nden\",\"potentialAction\":[{\"@type\":\"SearchAction\",\"target\":{\"@type\":\"EntryPoint\",\"urlTemplate\":\"https:\/\/www.niggebruegge-bestattungen.de\/?s={search_term_string}\"},\"query-input\":{\"@type\":\"PropertyValueSpecification\",\"valueRequired\":true,\"valueName\":\"search_term_string\"}}],\"inLanguage\":\"de\"}]}<\/script>\n<!-- \/ Yoast SEO plugin. -->","yoast_head_json":{"title":"Wir \u00fcber uns - Bestattungen Niggebr\u00fcgge","description":"Ihr pers\u00f6nliches Bestattungshaus in Bielefeld. Feuer- und Erdbestattung \u00b7 Bestattungshaus seit 1954 \u00b7 Wir beantworten Ihnen alle Fragen zur Bestattung, unterst\u00fctzen Sie bei der Vorbereitung und Durchf\u00fchrung der Bestattung und betreuen Sie - auf Wunsch - w\u00e4hrend der schweren Zeit der Trauer.","robots":{"index":"index","follow":"follow","max-snippet":"max-snippet:-1","max-image-preview":"max-image-preview:large","max-video-preview":"max-video-preview:-1"},"canonical":"https:\/\/www.niggebruegge-bestattungen.de\/?page_id=689","og_locale":"de_DE","og_type":"article","og_title":"Wir \u00fcber uns - Bestattungen Niggebr\u00fcgge","og_description":"Ihr pers\u00f6nliches Bestattungshaus in Bielefeld. Feuer- und Erdbestattung \u00b7 Bestattungshaus seit 1954 \u00b7 Wir beantworten Ihnen alle Fragen zur Bestattung, unterst\u00fctzen Sie bei der Vorbereitung und Durchf\u00fchrung der Bestattung und betreuen Sie - auf Wunsch - w\u00e4hrend der schweren Zeit der Trauer.","og_url":"https:\/\/www.niggebruegge-bestattungen.de\/?page_id=689","og_site_name":"Bestattungen Niggebr\u00fcgge","article_modified_time":"2021-06-20T08:26:17+00:00","twitter_card":"summary_large_image","twitter_misc":{"Gesch\u00e4tzte Lesezeit":"3\u00a0Minuten"},"schema":{"@context":"https:\/\/schema.org","@graph":[{"@type":"WebPage","@id":"https:\/\/www.niggebruegge-bestattungen.de\/?page_id=689","url":"https:\/\/www.niggebruegge-bestattungen.de\/?page_id=689","name":"Wir \u00fcber uns - Bestattungen Niggebr\u00fcgge","isPartOf":{"@id":"https:\/\/www.niggebruegge-bestattungen.de\/#website"},"datePublished":"2021-06-17T13:07:25+00:00","dateModified":"2021-06-20T08:26:17+00:00","description":"Ihr pers\u00f6nliches Bestattungshaus in Bielefeld. Feuer- und Erdbestattung \u00b7 Bestattungshaus seit 1954 \u00b7 Wir beantworten Ihnen alle Fragen zur Bestattung, unterst\u00fctzen Sie bei der Vorbereitung und Durchf\u00fchrung der Bestattung und betreuen Sie - auf Wunsch - w\u00e4hrend der schweren Zeit der Trauer.","breadcrumb":{"@id":"https:\/\/www.niggebruegge-bestattungen.de\/?page_id=689#breadcrumb"},"inLanguage":"de","potentialAction":[{"@type":"ReadAction","target":["https:\/\/www.niggebruegge-bestattungen.de\/?page_id=689"]}]},{"@type":"BreadcrumbList","@id":"https:\/\/www.niggebruegge-bestattungen.de\/?page_id=689#breadcrumb","itemListElement":[{"@type":"ListItem","position":1,"name":"Startseite","item":"https:\/\/www.niggebruegge-bestattungen.de\/"},{"@type":"ListItem","position":2,"name":"Wir \u00fcber uns"}]},{"@type":"WebSite","@id":"https:\/\/www.niggebruegge-bestattungen.de\/#website","url":"https:\/\/www.niggebruegge-bestattungen.de\/","name":"Bestattungen Niggebr\u00fcgge","description":"der letzte Weg in guten H\u00e4nden","potentialAction":[{"@type":"SearchAction","target":{"@type":"EntryPoint","urlTemplate":"https:\/\/www.niggebruegge-bestattungen.de\/?s={search_term_string}"},"query-input":{"@type":"PropertyValueSpecification","valueRequired":true,"valueName":"search_term_string"}}],"inLanguage":"de"}]}},"_links":{"self":[{"href":"https:\/\/www.niggebruegge-bestattungen.de\/index.php?rest_route=\/wp\/v2\/pages\/689","targetHints":{"allow":["GET"]}}],"collection":[{"href":"https:\/\/www.niggebruegge-bestattungen.de\/index.php?rest_route=\/wp\/v2\/pages"}],"about":[{"href":"https:\/\/www.niggebruegge-bestattungen.de\/index.php?rest_route=\/wp\/v2\/types\/page"}],"author":[{"embeddable":true,"href":"https:\/\/www.niggebruegge-bestattungen.de\/index.php?rest_route=\/wp\/v2\/users\/1"}],"replies":[{"embeddable":true,"href":"https:\/\/www.niggebruegge-bestattungen.de\/index.php?rest_route=%2Fwp%2Fv2%2Fcomments&post=689"}],"version-history":[{"count":1,"href":"https:\/\/www.niggebruegge-bestattungen.de\/index.php?rest_route=\/wp\/v2\/pages\/689\/revisions"}],"predecessor-version":[{"id":888,"href":"https:\/\/www.niggebruegge-bestattungen.de\/index.php?rest_route=\/wp\/v2\/pages\/689\/revisions\/888"}],"wp:attachment":[{"href":"https:\/\/www.niggebruegge-bestattungen.de\/index.php?rest_route=%2Fwp%2Fv2%2Fmedia&parent=689"}],"curies":[{"name":"wp","href":"https:\/\/api.w.org\/{rel}","templated":true}]}}