{"id":758,"date":"2021-06-18T08:01:52","date_gmt":"2021-06-18T06:01:52","guid":{"rendered":"https:\/\/www.niggebruegge-bestattungen.de\/?page_id=758"},"modified":"2025-08-04T13:14:22","modified_gmt":"2025-08-04T11:14:22","slug":"wichtige-dokumente2","status":"publish","type":"page","link":"https:\/\/www.niggebruegge-bestattungen.de\/?page_id=758","title":{"rendered":"wichtige Dokumente"},"content":{"rendered":"<table style=\"width: 100%; border-collapse: collapse;\">\n<tbody>\n<tr>\n<td style=\"width: 100%;\"><img decoding=\"async\" src=\"https:\/\/www.niggebruegge-bestattungen.de\/wp-content\/uploads\/2016\/03\/Fotolia_80023302_XS.jpg\" alt=\"\" width=\"100%\" \/><\/td>\n<\/tr>\n<\/tbody>\n<\/table>\n<h3><\/h3>\n<h3><span style=\"color: #a31523;\">Welche Unterlagen werden ben\u00f6tigt?<\/span><\/h3>\n<ul style=\"list-style-type: circle;\">\n<li>Personalausweis (oder Befreiung mit der zugeh\u00f6rigen Meldebescheinigung)<\/li>\n<\/ul>\n<p>bei ledigen Personen:<\/p>\n<ul style=\"list-style-type: circle;\">\n<li>Geburtsurkunde (bei Ledigen)<\/li>\n<\/ul>\n<p>bei verheirateten Personen:<\/p>\n<ul style=\"list-style-type: circle;\">\n<li>Heiratsurkunde \/ Familienbuch<\/li>\n<\/ul>\n<p>bei verwitweten Personen:<\/p>\n<ul style=\"list-style-type: circle;\">\n<li>Heiratsurkunde \/ Familienbuch<\/li>\n<li>Sterbeurkunde (Ehepartner)<\/li>\n<\/ul>\n<p>bei geschiedenen Personen:<\/p>\n<ul style=\"list-style-type: circle;\">\n<li>Heiratsurkunde \/ Familienbuch<\/li>\n<li>Scheidungsurteil (mit Rechtskraftvermerk)<\/li>\n<\/ul>\n<p><span style=\"color: #a31523;\"><i class=\"wp-svg-info info\"><\/i><\/span>\u00a0 \u00a0Sollten Sie ausl\u00e4ndische Urkunden haben, brauchen wir diese jeweils im Original und mit einer beglaubigten \u00dcbersetzung.<br \/>\n(Auch Namenserkl\u00e4rungen und Registrierscheine ben\u00f6tigen wir.)<\/p>\n<p>Diese Dokumente sollten Sie ebenfalls bereit halten:<\/p>\n<ul style=\"list-style-type: circle;\">\n<li>Krankenkassenkarte<\/li>\n<li>den letzten aktuellen Stand der Rentenanpassungsmitteilung<\/li>\n<\/ul>\n<ul style=\"list-style-type: circle;\">\n<li>Versicherungspolicen (Lebens- und Sterbeversicherung mit letztem Zahlungsnachweis)<\/li>\n<li>Grabdokumente (Urkunde \u00fcber das Nutzungsrecht einer vorhandenen Familien- oder Wahlgrabst\u00e4tte).<\/li>\n<\/ul>\n<p><span style=\"color: #a31523;\"><i class=\"wp-svg-info info\"><\/i><\/span> \u00a0 Sollten Urkunden &#8211; aus welchen Gr\u00fcnden auch immer &#8211; nicht zur Verf\u00fcgung stehen, so k\u00f6nnen wir bei der Beschaffung helfen.<br \/>\nWir erledigen alle notwendigen Beh\u00f6rdeng\u00e4nge f\u00fcr Sie.<\/p>\n","protected":false},"excerpt":{"rendered":"<p>Welche Unterlagen werden ben\u00f6tigt? Personalausweis (oder Befreiung mit der zugeh\u00f6rigen Meldebescheinigung) bei ledigen Personen: Geburtsurkunde (bei Ledigen) bei verheirateten Personen: Heiratsurkunde \/ Familienbuch bei verwitweten Personen: Heiratsurkunde \/ Familienbuch Sterbeurkunde (Ehepartner) bei geschiedenen Personen: Heiratsurkunde \/ Familienbuch Scheidungsurteil (mit Rechtskraftvermerk) \u00a0 \u00a0Sollten Sie ausl\u00e4ndische Urkunden haben, brauchen wir diese jeweils im Original und mit einer &hellip; <a href=\"https:\/\/www.niggebruegge-bestattungen.de\/?page_id=758\" class=\"more-link\">Continue reading<span class=\"screen-reader-text\"> &#8222;wichtige Dokumente&#8220;<\/span><\/a><\/p>\n","protected":false},"author":1,"featured_media":0,"parent":0,"menu_order":0,"comment_status":"closed","ping_status":"closed","template":"","meta":{"_monsterinsights_skip_tracking":false,"_monsterinsights_sitenote_active":false,"_monsterinsights_sitenote_note":"","_monsterinsights_sitenote_category":0,"footnotes":""},"class_list":["post-758","page","type-page","status-publish","hentry"],"yoast_head":"<!-- This site is optimized with the Yoast SEO plugin v25.6 - https:\/\/yoast.com\/wordpress\/plugins\/seo\/ -->\n<title>wichtige Dokumente - Bestattungen Niggebr\u00fcgge<\/title>\n<meta name=\"description\" content=\"Ihr pers\u00f6nliches Bestattungshaus in Bielefeld. Feuer- und Erdbestattung \u00b7 Bestattungshaus seit 1954 \u00b7 Wir beantworten Ihnen alle Fragen zur Bestattung, unterst\u00fctzen Sie bei der Vorbereitung und Durchf\u00fchrung der Bestattung und betreuen Sie - auf Wunsch - w\u00e4hrend der schweren Zeit der Trauer.\" \/>\n<meta name=\"robots\" content=\"index, follow, max-snippet:-1, max-image-preview:large, max-video-preview:-1\" \/>\n<link rel=\"canonical\" href=\"https:\/\/www.niggebruegge-bestattungen.de\/?page_id=758\" \/>\n<meta property=\"og:locale\" content=\"de_DE\" \/>\n<meta property=\"og:type\" content=\"article\" \/>\n<meta property=\"og:title\" content=\"wichtige Dokumente - Bestattungen Niggebr\u00fcgge\" \/>\n<meta property=\"og:description\" content=\"Ihr pers\u00f6nliches Bestattungshaus in Bielefeld. Feuer- und Erdbestattung \u00b7 Bestattungshaus seit 1954 \u00b7 Wir beantworten Ihnen alle Fragen zur Bestattung, unterst\u00fctzen Sie bei der Vorbereitung und Durchf\u00fchrung der Bestattung und betreuen Sie - auf Wunsch - w\u00e4hrend der schweren Zeit der Trauer.\" \/>\n<meta property=\"og:url\" content=\"https:\/\/www.niggebruegge-bestattungen.de\/?page_id=758\" \/>\n<meta property=\"og:site_name\" content=\"Bestattungen Niggebr\u00fcgge\" \/>\n<meta property=\"article:modified_time\" content=\"2025-08-04T11:14:22+00:00\" \/>\n<meta property=\"og:image\" content=\"https:\/\/www.niggebruegge-bestattungen.de\/wp-content\/uploads\/2016\/03\/Fotolia_80023302_XS.jpg\" \/>\n<meta name=\"twitter:card\" content=\"summary_large_image\" \/>\n<meta name=\"twitter:label1\" content=\"Gesch\u00e4tzte Lesezeit\" \/>\n\t<meta name=\"twitter:data1\" content=\"1\u00a0Minute\" \/>\n<script type=\"application\/ld+json\" class=\"yoast-schema-graph\">{\"@context\":\"https:\/\/schema.org\",\"@graph\":[{\"@type\":\"WebPage\",\"@id\":\"https:\/\/www.niggebruegge-bestattungen.de\/?page_id=758\",\"url\":\"https:\/\/www.niggebruegge-bestattungen.de\/?page_id=758\",\"name\":\"wichtige Dokumente - Bestattungen Niggebr\u00fcgge\",\"isPartOf\":{\"@id\":\"https:\/\/www.niggebruegge-bestattungen.de\/#website\"},\"primaryImageOfPage\":{\"@id\":\"https:\/\/www.niggebruegge-bestattungen.de\/?page_id=758#primaryimage\"},\"image\":{\"@id\":\"https:\/\/www.niggebruegge-bestattungen.de\/?page_id=758#primaryimage\"},\"thumbnailUrl\":\"https:\/\/www.niggebruegge-bestattungen.de\/wp-content\/uploads\/2016\/03\/Fotolia_80023302_XS.jpg\",\"datePublished\":\"2021-06-18T06:01:52+00:00\",\"dateModified\":\"2025-08-04T11:14:22+00:00\",\"description\":\"Ihr pers\u00f6nliches Bestattungshaus in Bielefeld. Feuer- und Erdbestattung \u00b7 Bestattungshaus seit 1954 \u00b7 Wir beantworten Ihnen alle Fragen zur Bestattung, unterst\u00fctzen Sie bei der Vorbereitung und Durchf\u00fchrung der Bestattung und betreuen Sie - auf Wunsch - w\u00e4hrend der schweren Zeit der Trauer.\",\"breadcrumb\":{\"@id\":\"https:\/\/www.niggebruegge-bestattungen.de\/?page_id=758#breadcrumb\"},\"inLanguage\":\"de\",\"potentialAction\":[{\"@type\":\"ReadAction\",\"target\":[\"https:\/\/www.niggebruegge-bestattungen.de\/?page_id=758\"]}]},{\"@type\":\"ImageObject\",\"inLanguage\":\"de\",\"@id\":\"https:\/\/www.niggebruegge-bestattungen.de\/?page_id=758#primaryimage\",\"url\":\"https:\/\/www.niggebruegge-bestattungen.de\/wp-content\/uploads\/2016\/03\/Fotolia_80023302_XS.jpg\",\"contentUrl\":\"https:\/\/www.niggebruegge-bestattungen.de\/wp-content\/uploads\/2016\/03\/Fotolia_80023302_XS.jpg\",\"width\":600,\"height\":200,\"caption\":\"Businessman signing a document or contract in the office, close up horizontal banner format of his hand and the paperwork with copyspace.\"},{\"@type\":\"BreadcrumbList\",\"@id\":\"https:\/\/www.niggebruegge-bestattungen.de\/?page_id=758#breadcrumb\",\"itemListElement\":[{\"@type\":\"ListItem\",\"position\":1,\"name\":\"Startseite\",\"item\":\"https:\/\/www.niggebruegge-bestattungen.de\/\"},{\"@type\":\"ListItem\",\"position\":2,\"name\":\"wichtige Dokumente\"}]},{\"@type\":\"WebSite\",\"@id\":\"https:\/\/www.niggebruegge-bestattungen.de\/#website\",\"url\":\"https:\/\/www.niggebruegge-bestattungen.de\/\",\"name\":\"Bestattungen Niggebr\u00fcgge\",\"description\":\"der letzte Weg in guten H\u00e4nden\",\"potentialAction\":[{\"@type\":\"SearchAction\",\"target\":{\"@type\":\"EntryPoint\",\"urlTemplate\":\"https:\/\/www.niggebruegge-bestattungen.de\/?s={search_term_string}\"},\"query-input\":{\"@type\":\"PropertyValueSpecification\",\"valueRequired\":true,\"valueName\":\"search_term_string\"}}],\"inLanguage\":\"de\"}]}<\/script>\n<!-- \/ Yoast SEO plugin. -->","yoast_head_json":{"title":"wichtige Dokumente - Bestattungen Niggebr\u00fcgge","description":"Ihr pers\u00f6nliches Bestattungshaus in Bielefeld. Feuer- und Erdbestattung \u00b7 Bestattungshaus seit 1954 \u00b7 Wir beantworten Ihnen alle Fragen zur Bestattung, unterst\u00fctzen Sie bei der Vorbereitung und Durchf\u00fchrung der Bestattung und betreuen Sie - auf Wunsch - w\u00e4hrend der schweren Zeit der Trauer.","robots":{"index":"index","follow":"follow","max-snippet":"max-snippet:-1","max-image-preview":"max-image-preview:large","max-video-preview":"max-video-preview:-1"},"canonical":"https:\/\/www.niggebruegge-bestattungen.de\/?page_id=758","og_locale":"de_DE","og_type":"article","og_title":"wichtige Dokumente - Bestattungen Niggebr\u00fcgge","og_description":"Ihr pers\u00f6nliches Bestattungshaus in Bielefeld. Feuer- und Erdbestattung \u00b7 Bestattungshaus seit 1954 \u00b7 Wir beantworten Ihnen alle Fragen zur Bestattung, unterst\u00fctzen Sie bei der Vorbereitung und Durchf\u00fchrung der Bestattung und betreuen Sie - auf Wunsch - w\u00e4hrend der schweren Zeit der Trauer.","og_url":"https:\/\/www.niggebruegge-bestattungen.de\/?page_id=758","og_site_name":"Bestattungen Niggebr\u00fcgge","article_modified_time":"2025-08-04T11:14:22+00:00","og_image":[{"url":"https:\/\/www.niggebruegge-bestattungen.de\/wp-content\/uploads\/2016\/03\/Fotolia_80023302_XS.jpg","type":"","width":"","height":""}],"twitter_card":"summary_large_image","twitter_misc":{"Gesch\u00e4tzte Lesezeit":"1\u00a0Minute"},"schema":{"@context":"https:\/\/schema.org","@graph":[{"@type":"WebPage","@id":"https:\/\/www.niggebruegge-bestattungen.de\/?page_id=758","url":"https:\/\/www.niggebruegge-bestattungen.de\/?page_id=758","name":"wichtige Dokumente - Bestattungen Niggebr\u00fcgge","isPartOf":{"@id":"https:\/\/www.niggebruegge-bestattungen.de\/#website"},"primaryImageOfPage":{"@id":"https:\/\/www.niggebruegge-bestattungen.de\/?page_id=758#primaryimage"},"image":{"@id":"https:\/\/www.niggebruegge-bestattungen.de\/?page_id=758#primaryimage"},"thumbnailUrl":"https:\/\/www.niggebruegge-bestattungen.de\/wp-content\/uploads\/2016\/03\/Fotolia_80023302_XS.jpg","datePublished":"2021-06-18T06:01:52+00:00","dateModified":"2025-08-04T11:14:22+00:00","description":"Ihr pers\u00f6nliches Bestattungshaus in Bielefeld. Feuer- und Erdbestattung \u00b7 Bestattungshaus seit 1954 \u00b7 Wir beantworten Ihnen alle Fragen zur Bestattung, unterst\u00fctzen Sie bei der Vorbereitung und Durchf\u00fchrung der Bestattung und betreuen Sie - auf Wunsch - w\u00e4hrend der schweren Zeit der Trauer.","breadcrumb":{"@id":"https:\/\/www.niggebruegge-bestattungen.de\/?page_id=758#breadcrumb"},"inLanguage":"de","potentialAction":[{"@type":"ReadAction","target":["https:\/\/www.niggebruegge-bestattungen.de\/?page_id=758"]}]},{"@type":"ImageObject","inLanguage":"de","@id":"https:\/\/www.niggebruegge-bestattungen.de\/?page_id=758#primaryimage","url":"https:\/\/www.niggebruegge-bestattungen.de\/wp-content\/uploads\/2016\/03\/Fotolia_80023302_XS.jpg","contentUrl":"https:\/\/www.niggebruegge-bestattungen.de\/wp-content\/uploads\/2016\/03\/Fotolia_80023302_XS.jpg","width":600,"height":200,"caption":"Businessman signing a document or contract in the office, close up horizontal banner format of his hand and the paperwork with copyspace."},{"@type":"BreadcrumbList","@id":"https:\/\/www.niggebruegge-bestattungen.de\/?page_id=758#breadcrumb","itemListElement":[{"@type":"ListItem","position":1,"name":"Startseite","item":"https:\/\/www.niggebruegge-bestattungen.de\/"},{"@type":"ListItem","position":2,"name":"wichtige Dokumente"}]},{"@type":"WebSite","@id":"https:\/\/www.niggebruegge-bestattungen.de\/#website","url":"https:\/\/www.niggebruegge-bestattungen.de\/","name":"Bestattungen Niggebr\u00fcgge","description":"der letzte Weg in guten H\u00e4nden","potentialAction":[{"@type":"SearchAction","target":{"@type":"EntryPoint","urlTemplate":"https:\/\/www.niggebruegge-bestattungen.de\/?s={search_term_string}"},"query-input":{"@type":"PropertyValueSpecification","valueRequired":true,"valueName":"search_term_string"}}],"inLanguage":"de"}]}},"_links":{"self":[{"href":"https:\/\/www.niggebruegge-bestattungen.de\/index.php?rest_route=\/wp\/v2\/pages\/758","targetHints":{"allow":["GET"]}}],"collection":[{"href":"https:\/\/www.niggebruegge-bestattungen.de\/index.php?rest_route=\/wp\/v2\/pages"}],"about":[{"href":"https:\/\/www.niggebruegge-bestattungen.de\/index.php?rest_route=\/wp\/v2\/types\/page"}],"author":[{"embeddable":true,"href":"https:\/\/www.niggebruegge-bestattungen.de\/index.php?rest_route=\/wp\/v2\/users\/1"}],"replies":[{"embeddable":true,"href":"https:\/\/www.niggebruegge-bestattungen.de\/index.php?rest_route=%2Fwp%2Fv2%2Fcomments&post=758"}],"version-history":[{"count":1,"href":"https:\/\/www.niggebruegge-bestattungen.de\/index.php?rest_route=\/wp\/v2\/pages\/758\/revisions"}],"predecessor-version":[{"id":1056,"href":"https:\/\/www.niggebruegge-bestattungen.de\/index.php?rest_route=\/wp\/v2\/pages\/758\/revisions\/1056"}],"wp:attachment":[{"href":"https:\/\/www.niggebruegge-bestattungen.de\/index.php?rest_route=%2Fwp%2Fv2%2Fmedia&parent=758"}],"curies":[{"name":"wp","href":"https:\/\/api.w.org\/{rel}","templated":true}]}}