{"id":83,"date":"2014-02-10T16:10:39","date_gmt":"2014-02-10T14:10:39","guid":{"rendered":"http:\/\/www.niggebruegge-bestattungen.de\/?page_id=83"},"modified":"2021-06-21T11:53:11","modified_gmt":"2021-06-21T09:53:11","slug":"erbfolge","status":"publish","type":"page","link":"https:\/\/www.niggebruegge-bestattungen.de\/?page_id=83","title":{"rendered":"Erbfolge"},"content":{"rendered":"\n<h2 class=\"wp-block-heading\">Gesetzliche Erbfolge &#8211; wer erbt, wenn kein Testament vorhanden ist?<\/h2>\n\n\n\n<p>Hat der Verstorbene (Erblasser) kein Testament hinterlassen und zu Lebzeiten auch keinen Erbvertrag abgeschlossen, gilt die sog. gesetzliche Erbfolge.<\/p>\n\n\n\n<div class=\"wp-block-image\"><figure class=\"aligncenter\"><img loading=\"lazy\" decoding=\"async\" width=\"450\" height=\"721\" src=\"https:\/\/www.niggebruegge-bestattungen.de\/wp-content\/uploads\/2014\/02\/bestatter_erbfolge.png\" alt=\"bestatter_erbfolge\" class=\"wp-image-82\" srcset=\"https:\/\/www.niggebruegge-bestattungen.de\/wp-content\/uploads\/2014\/02\/bestatter_erbfolge.png 450w, https:\/\/www.niggebruegge-bestattungen.de\/wp-content\/uploads\/2014\/02\/bestatter_erbfolge-187x300.png 187w\" sizes=\"auto, (max-width: 450px) 85vw, 450px\" \/><\/figure><\/div>\n\n\n\n<h3 class=\"wp-block-heading\">Erbrecht der Verwandten<\/h3>\n\n\n\n<p>Nach der gesetzlichen Erbfolge erben in erster Linie die Verwandten des Erblassers. Die gesetzliche Erbfolge unterscheidet zun\u00e4chst zwischen verschiedenen Ordnungen:<\/p>\n\n\n\n<ol class=\"wp-block-list\"><li>Ordnung: Abk\u00f6mmlinge des Erblassers, z.B. Kinder, Enkel und Urenkel<\/li><li>Ordnung: Eltern des Erblassers und deren Nachkommen, z.B. Geschwister und Neffen\/Nichten<\/li><li>Ordnung: Gro\u00dfeltern des Erblassers und deren Nachkommen, z.B. Onkel\/Tanten und Vettern\/Basen<\/li><li>Ordnung: Urgro\u00dfeltern des Erblassers und deren Nachkommen, z.B. Gro\u00dfonkel\/Gro\u00dftanten<\/li><li>und fernere: Entferntere Voreltern des Erblassers und deren Nachkommen<\/li><\/ol>\n\n\n\n<p>Stiefkinder sind mit dem Erblasser nicht blutsverwandt und daher keine gesetzlichen Erben. Hingegen werden Adoptivkinder wie leibliche Abk\u00f6mmlinge behandelt. Ein zum Zeitpunkt des Erbfalls lebender Verwandter h\u00f6herer Ordnung schlie\u00dft Verwandte niederer Ordnung aus, d.h. hat nur ein Kind, Enkel oder Urenkel den Erblasser \u00fcberlebt, scheiden alle anderen Verwandten, die der 2. oder einer h\u00f6heren Ordnung (z.B. Eltern, Geschwister, Gro\u00dfeltern) als gesetzliche Erben aus (sog. Repr\u00e4sentationsprinzip). Erst wenn niemand aus der ersten Ordnung den Erblasser \u00fcberlebt hat, erben die Verwandten zweiter Ordnung. Innerhalt einer Ordnung schlie\u00dfen die im Zeitpunkt des Erbfalls lebenden Verwandten des Erblassers (z.B. Kind des Erblassers) ihre eigenen Abk\u00f6mmmlinge (z.B. Enkel des Erblassers) von der gesetzlichen Erbfolge aus.<\/p>\n\n\n\n<h4 class=\"wp-block-heading\">Beispiel<\/h4>\n\n\n\n<p>Frau Klug hinterl\u00e4sst ihren Sohn und dessen Tochter (=Enkelkind der Erblasserin). Es erbt nur der Sohn der Frau Klug.<br>Im Hinblick auf die Verteilung unter den Abk\u00f6mmlingen gilt, dass nach St\u00e4mmen geerbt wird. Jeder Stamm erbt zu gleichen Teilen.<\/p>\n\n\n\n<h4 class=\"wp-block-heading\">Beispiel<\/h4>\n\n\n\n<p>Frau Inga Klug hinterl\u00e4sst 2 Kinder. Norbert Klug und Hannelore Sch\u00f6n, geborene Klug. Hannelore Sch\u00f6n hat 2 Kinder (=Enkel der Frau Klug). Es erben nur Norbert Klug und Hannelore Sch\u00f6n. Die Kinder Sch\u00f6n erben nichts.<\/p>\n\n\n\n<p>Ist in dem Beispiel Hannelore Sch\u00f6n bereits zum Zeitpunkt des Erbfalls verstorben, dann treten an ihre Stelle ihre Kinder (=Enkel der Frau Klug). Nach dem Stammesprinzip erben sie nicht etwa zu je 1\/3, sondern jeweils nur \u00bc.<\/p>\n\n\n\n<p>Ab der 4. Ordnung gilt das sog. Gradualsystem. Ein Grad ist eine vermittelnde Geburt. Die grandm\u00e4\u00dfig am n\u00e4chsten Verwandte Person erbt allein bzw. mit gradgleichen gemeinsam zu gleichen Teilen.<\/p>\n\n\n\n<h3 class=\"wp-block-heading\">Erbrecht des Ehegatten<\/h3>\n\n\n\n<p>Neben den Verwandten hat der Ehegatte ein gesetzliches Erbrecht. Dessen H\u00f6he h\u00e4ngt davon ab, in welchem G\u00fcterstand die Ehegatten lebten und von der Ordnung, der die \u00fcberlebenden Verwandten des Erblasser angeh\u00f6ren (\u00a7 1931 Absatz 1 BGB). Neben Erben der 1. Ordnung erbt der \u00fcberlebende Ehegatte \u00bc , neben Verwandten der 2. Ordnung oder neben Gro\u00dfeltern \u00bd ; treffen in der dritten Ordnung neben Gro\u00dfeltern auch Abk\u00f6mmlinge von Gro\u00dfeltern zusammen, so erh\u00e4lt der Ehegatte auch den Anteil, der den Abk\u00f6mmlingen zufallen w\u00fcrde. Hierzu kommt noch beim gesetzlichen G\u00fcterstand der Zugewinngemeinschaft ein weiteres \u00bc als \u201epauschalisierter Zugewinnausgleich (Vorsicht: bei anderem G\u00fcterstand greifen andere Regeln ein, welche hier nicht dargestellt werden k\u00f6nnen). Sind weder Verwandte der ersten oder zweiten Ordnung noch Gro\u00dfeltern vorhanden, so erbt der \u00fcberlebenden Ehegatte allein.<\/p>\n\n\n\n<h4 class=\"wp-block-heading\">Beispiel<\/h4>\n\n\n\n<p>Frau Inga Klug hinterl\u00e4sst 2 Kinder ( Norbert Klug und Hannelore Sch\u00f6n, geborene Klug) und ihren Ehemann, Hans Klug. Die Eheleute lebten im gesetzlichen G\u00fcterstand der Zugewinngemeinschaft.Die Ehefrau F erh\u00e4lt ein \u00bc und nochmals \u00bc als \u201epauschalisierten Zugewinnausgleich&#8220;. Die Kinder erhalten jeweils \u00bc<\/p>\n\n\n\n<p>Sind keine Erben 1. Ordnung, sondern nur 2. Ordnung vorhanden (Eltern, Geschwister, Neffen\/Nichten), kommt es des \u00f6fteren zu ungewollten Ergebnissen. Der \u00fcberlebende Ehegatte erbt nicht allein, sondern nur neben den Erben 2. Ordnung!<\/p>\n\n\n\n<h4 class=\"wp-block-heading\">Beispiel<\/h4>\n\n\n\n<p>Frau Inga Klug hinterl\u00e4sst ihren Ehemann, Hans Klug. Die Eheleute lebten im gesetzlichen G\u00fcterstand der Zugewinngemeinschaft. Au\u00dferdem leben noch Ihre Schwester Gertrud Wichtig. Herr Hans Klug erh\u00e4lt \u00bd. Hierzu erh\u00e4lt er nochmals \u00bc als \u201epauschalisierten Zugewinnausgleich&#8220;. Frau Gertrud Wichtig erh\u00e4lt \u00bc !<\/p>\n\n\n\n<h3 class=\"wp-block-heading\">Gesetzliche Erbfolge bei Beteiligung anderer Nationalit\u00e4ten oder Verm\u00f6gen im Ausland<\/h3>\n\n\n\n<p>Diese Ausf\u00fchrungen gelten wohl gemerkt nur f\u00fcr rein deutsche Sachverhalte (deutsche Staatsangeh\u00f6rige + Nachlass in Deutschland belegen + deutscher Wohnsitz). Bei Erbf\u00e4llen mit Auslandsbezug kann hingegen auch ausl\u00e4ndischen Erbrecht eingreifen. In manchen F\u00e4llen (z.B. S\u00fcdafrika) kommt es u.U. sogar zu einer &#8222;Nachlassspaltung&#8220;, d.h. ein Teil des Verm\u00f6gens wird nach deutschem und ein Teil nach ausl\u00e4ndischem Recht vererbt. In solchen F\u00e4llen entstehen oft schwierige Konstellationen, die eine testamentarische Regelung erfordern.<\/p>\n\n\n\n<h4 class=\"wp-block-heading\">Fazit<\/h4>\n\n\n\n<p>Um \u00dcberraschungen zu vermeiden sollte immer ein Testament errichtet werden. Bei gr\u00f6\u00dferen Verm\u00f6gen (Erbschaftsteuer!) oder internationalen Sachverhalten sollte hierzu ein Rechtsanwalt mit Spezialkenntnissen im (internationalen) Erbrecht und Erschaftsteuerrecht konsultiert werden.<\/p>\n\n\n\n<p><em>Quelle: www.wf-kanzlei.de<\/em><\/p>\n","protected":false},"excerpt":{"rendered":"<p>Gesetzliche Erbfolge &#8211; wer erbt, wenn kein Testament vorhanden ist? Hat der Verstorbene (Erblasser) kein Testament hinterlassen und zu Lebzeiten auch keinen Erbvertrag abgeschlossen, gilt die sog. gesetzliche Erbfolge. Erbrecht der Verwandten Nach der gesetzlichen Erbfolge erben in erster Linie die Verwandten des Erblassers. Die gesetzliche Erbfolge unterscheidet zun\u00e4chst zwischen verschiedenen Ordnungen: Ordnung: Abk\u00f6mmlinge des &hellip; <a href=\"https:\/\/www.niggebruegge-bestattungen.de\/?page_id=83\" class=\"more-link\">Continue reading<span class=\"screen-reader-text\"> &#8222;Erbfolge&#8220;<\/span><\/a><\/p>\n","protected":false},"author":1,"featured_media":0,"parent":0,"menu_order":0,"comment_status":"closed","ping_status":"closed","template":"","meta":{"_monsterinsights_skip_tracking":false,"_monsterinsights_sitenote_active":false,"_monsterinsights_sitenote_note":"","_monsterinsights_sitenote_category":0,"footnotes":""},"class_list":["post-83","page","type-page","status-publish","hentry"],"yoast_head":"<!-- This site is optimized with the Yoast SEO plugin v25.6 - https:\/\/yoast.com\/wordpress\/plugins\/seo\/ -->\n<title>Erbfolge - Bestattungen Niggebr\u00fcgge<\/title>\n<meta name=\"description\" content=\"Ihr pers\u00f6nliches Bestattungshaus in Bielefeld. Feuer- und Erdbestattung \u00b7 Bestattungshaus seit 1954 \u00b7 Wir beantworten Ihnen alle Fragen zur Bestattung, unterst\u00fctzen Sie bei der Vorbereitung und Durchf\u00fchrung der Bestattung und betreuen Sie - auf Wunsch - w\u00e4hrend der schweren Zeit der Trauer.\" \/>\n<meta name=\"robots\" content=\"index, follow, max-snippet:-1, max-image-preview:large, max-video-preview:-1\" \/>\n<link rel=\"canonical\" href=\"https:\/\/www.niggebruegge-bestattungen.de\/?page_id=83\" \/>\n<meta property=\"og:locale\" content=\"de_DE\" \/>\n<meta property=\"og:type\" content=\"article\" \/>\n<meta property=\"og:title\" content=\"Erbfolge - Bestattungen Niggebr\u00fcgge\" \/>\n<meta property=\"og:description\" content=\"Ihr pers\u00f6nliches Bestattungshaus in Bielefeld. Feuer- und Erdbestattung \u00b7 Bestattungshaus seit 1954 \u00b7 Wir beantworten Ihnen alle Fragen zur Bestattung, unterst\u00fctzen Sie bei der Vorbereitung und Durchf\u00fchrung der Bestattung und betreuen Sie - auf Wunsch - w\u00e4hrend der schweren Zeit der Trauer.\" \/>\n<meta property=\"og:url\" content=\"https:\/\/www.niggebruegge-bestattungen.de\/?page_id=83\" \/>\n<meta property=\"og:site_name\" content=\"Bestattungen Niggebr\u00fcgge\" \/>\n<meta property=\"article:modified_time\" content=\"2021-06-21T09:53:11+00:00\" \/>\n<meta property=\"og:image\" content=\"https:\/\/www.niggebruegge-bestattungen.de\/wp-content\/uploads\/2014\/02\/bestatter_erbfolge.png\" \/>\n<meta name=\"twitter:card\" content=\"summary_large_image\" \/>\n<meta name=\"twitter:label1\" content=\"Gesch\u00e4tzte Lesezeit\" \/>\n\t<meta name=\"twitter:data1\" content=\"4\u00a0Minuten\" \/>\n<script type=\"application\/ld+json\" class=\"yoast-schema-graph\">{\"@context\":\"https:\/\/schema.org\",\"@graph\":[{\"@type\":\"WebPage\",\"@id\":\"https:\/\/www.niggebruegge-bestattungen.de\/?page_id=83\",\"url\":\"https:\/\/www.niggebruegge-bestattungen.de\/?page_id=83\",\"name\":\"Erbfolge - Bestattungen Niggebr\u00fcgge\",\"isPartOf\":{\"@id\":\"https:\/\/www.niggebruegge-bestattungen.de\/#website\"},\"primaryImageOfPage\":{\"@id\":\"https:\/\/www.niggebruegge-bestattungen.de\/?page_id=83#primaryimage\"},\"image\":{\"@id\":\"https:\/\/www.niggebruegge-bestattungen.de\/?page_id=83#primaryimage\"},\"thumbnailUrl\":\"https:\/\/www.niggebruegge-bestattungen.de\/wp-content\/uploads\/2014\/02\/bestatter_erbfolge.png\",\"datePublished\":\"2014-02-10T14:10:39+00:00\",\"dateModified\":\"2021-06-21T09:53:11+00:00\",\"description\":\"Ihr pers\u00f6nliches Bestattungshaus in Bielefeld. Feuer- und Erdbestattung \u00b7 Bestattungshaus seit 1954 \u00b7 Wir beantworten Ihnen alle Fragen zur Bestattung, unterst\u00fctzen Sie bei der Vorbereitung und Durchf\u00fchrung der Bestattung und betreuen Sie - auf Wunsch - w\u00e4hrend der schweren Zeit der Trauer.\",\"breadcrumb\":{\"@id\":\"https:\/\/www.niggebruegge-bestattungen.de\/?page_id=83#breadcrumb\"},\"inLanguage\":\"de\",\"potentialAction\":[{\"@type\":\"ReadAction\",\"target\":[\"https:\/\/www.niggebruegge-bestattungen.de\/?page_id=83\"]}]},{\"@type\":\"ImageObject\",\"inLanguage\":\"de\",\"@id\":\"https:\/\/www.niggebruegge-bestattungen.de\/?page_id=83#primaryimage\",\"url\":\"https:\/\/www.niggebruegge-bestattungen.de\/wp-content\/uploads\/2014\/02\/bestatter_erbfolge.png\",\"contentUrl\":\"https:\/\/www.niggebruegge-bestattungen.de\/wp-content\/uploads\/2014\/02\/bestatter_erbfolge.png\",\"width\":450,\"height\":721},{\"@type\":\"BreadcrumbList\",\"@id\":\"https:\/\/www.niggebruegge-bestattungen.de\/?page_id=83#breadcrumb\",\"itemListElement\":[{\"@type\":\"ListItem\",\"position\":1,\"name\":\"Startseite\",\"item\":\"https:\/\/www.niggebruegge-bestattungen.de\/\"},{\"@type\":\"ListItem\",\"position\":2,\"name\":\"Erbfolge\"}]},{\"@type\":\"WebSite\",\"@id\":\"https:\/\/www.niggebruegge-bestattungen.de\/#website\",\"url\":\"https:\/\/www.niggebruegge-bestattungen.de\/\",\"name\":\"Bestattungen Niggebr\u00fcgge\",\"description\":\"der letzte Weg in guten H\u00e4nden\",\"potentialAction\":[{\"@type\":\"SearchAction\",\"target\":{\"@type\":\"EntryPoint\",\"urlTemplate\":\"https:\/\/www.niggebruegge-bestattungen.de\/?s={search_term_string}\"},\"query-input\":{\"@type\":\"PropertyValueSpecification\",\"valueRequired\":true,\"valueName\":\"search_term_string\"}}],\"inLanguage\":\"de\"}]}<\/script>\n<!-- \/ Yoast SEO plugin. -->","yoast_head_json":{"title":"Erbfolge - Bestattungen Niggebr\u00fcgge","description":"Ihr pers\u00f6nliches Bestattungshaus in Bielefeld. Feuer- und Erdbestattung \u00b7 Bestattungshaus seit 1954 \u00b7 Wir beantworten Ihnen alle Fragen zur Bestattung, unterst\u00fctzen Sie bei der Vorbereitung und Durchf\u00fchrung der Bestattung und betreuen Sie - auf Wunsch - w\u00e4hrend der schweren Zeit der Trauer.","robots":{"index":"index","follow":"follow","max-snippet":"max-snippet:-1","max-image-preview":"max-image-preview:large","max-video-preview":"max-video-preview:-1"},"canonical":"https:\/\/www.niggebruegge-bestattungen.de\/?page_id=83","og_locale":"de_DE","og_type":"article","og_title":"Erbfolge - Bestattungen Niggebr\u00fcgge","og_description":"Ihr pers\u00f6nliches Bestattungshaus in Bielefeld. Feuer- und Erdbestattung \u00b7 Bestattungshaus seit 1954 \u00b7 Wir beantworten Ihnen alle Fragen zur Bestattung, unterst\u00fctzen Sie bei der Vorbereitung und Durchf\u00fchrung der Bestattung und betreuen Sie - auf Wunsch - w\u00e4hrend der schweren Zeit der Trauer.","og_url":"https:\/\/www.niggebruegge-bestattungen.de\/?page_id=83","og_site_name":"Bestattungen Niggebr\u00fcgge","article_modified_time":"2021-06-21T09:53:11+00:00","og_image":[{"url":"https:\/\/www.niggebruegge-bestattungen.de\/wp-content\/uploads\/2014\/02\/bestatter_erbfolge.png","type":"","width":"","height":""}],"twitter_card":"summary_large_image","twitter_misc":{"Gesch\u00e4tzte Lesezeit":"4\u00a0Minuten"},"schema":{"@context":"https:\/\/schema.org","@graph":[{"@type":"WebPage","@id":"https:\/\/www.niggebruegge-bestattungen.de\/?page_id=83","url":"https:\/\/www.niggebruegge-bestattungen.de\/?page_id=83","name":"Erbfolge - Bestattungen Niggebr\u00fcgge","isPartOf":{"@id":"https:\/\/www.niggebruegge-bestattungen.de\/#website"},"primaryImageOfPage":{"@id":"https:\/\/www.niggebruegge-bestattungen.de\/?page_id=83#primaryimage"},"image":{"@id":"https:\/\/www.niggebruegge-bestattungen.de\/?page_id=83#primaryimage"},"thumbnailUrl":"https:\/\/www.niggebruegge-bestattungen.de\/wp-content\/uploads\/2014\/02\/bestatter_erbfolge.png","datePublished":"2014-02-10T14:10:39+00:00","dateModified":"2021-06-21T09:53:11+00:00","description":"Ihr pers\u00f6nliches Bestattungshaus in Bielefeld. Feuer- und Erdbestattung \u00b7 Bestattungshaus seit 1954 \u00b7 Wir beantworten Ihnen alle Fragen zur Bestattung, unterst\u00fctzen Sie bei der Vorbereitung und Durchf\u00fchrung der Bestattung und betreuen Sie - auf Wunsch - w\u00e4hrend der schweren Zeit der Trauer.","breadcrumb":{"@id":"https:\/\/www.niggebruegge-bestattungen.de\/?page_id=83#breadcrumb"},"inLanguage":"de","potentialAction":[{"@type":"ReadAction","target":["https:\/\/www.niggebruegge-bestattungen.de\/?page_id=83"]}]},{"@type":"ImageObject","inLanguage":"de","@id":"https:\/\/www.niggebruegge-bestattungen.de\/?page_id=83#primaryimage","url":"https:\/\/www.niggebruegge-bestattungen.de\/wp-content\/uploads\/2014\/02\/bestatter_erbfolge.png","contentUrl":"https:\/\/www.niggebruegge-bestattungen.de\/wp-content\/uploads\/2014\/02\/bestatter_erbfolge.png","width":450,"height":721},{"@type":"BreadcrumbList","@id":"https:\/\/www.niggebruegge-bestattungen.de\/?page_id=83#breadcrumb","itemListElement":[{"@type":"ListItem","position":1,"name":"Startseite","item":"https:\/\/www.niggebruegge-bestattungen.de\/"},{"@type":"ListItem","position":2,"name":"Erbfolge"}]},{"@type":"WebSite","@id":"https:\/\/www.niggebruegge-bestattungen.de\/#website","url":"https:\/\/www.niggebruegge-bestattungen.de\/","name":"Bestattungen Niggebr\u00fcgge","description":"der letzte Weg in guten H\u00e4nden","potentialAction":[{"@type":"SearchAction","target":{"@type":"EntryPoint","urlTemplate":"https:\/\/www.niggebruegge-bestattungen.de\/?s={search_term_string}"},"query-input":{"@type":"PropertyValueSpecification","valueRequired":true,"valueName":"search_term_string"}}],"inLanguage":"de"}]}},"_links":{"self":[{"href":"https:\/\/www.niggebruegge-bestattungen.de\/index.php?rest_route=\/wp\/v2\/pages\/83","targetHints":{"allow":["GET"]}}],"collection":[{"href":"https:\/\/www.niggebruegge-bestattungen.de\/index.php?rest_route=\/wp\/v2\/pages"}],"about":[{"href":"https:\/\/www.niggebruegge-bestattungen.de\/index.php?rest_route=\/wp\/v2\/types\/page"}],"author":[{"embeddable":true,"href":"https:\/\/www.niggebruegge-bestattungen.de\/index.php?rest_route=\/wp\/v2\/users\/1"}],"replies":[{"embeddable":true,"href":"https:\/\/www.niggebruegge-bestattungen.de\/index.php?rest_route=%2Fwp%2Fv2%2Fcomments&post=83"}],"version-history":[{"count":1,"href":"https:\/\/www.niggebruegge-bestattungen.de\/index.php?rest_route=\/wp\/v2\/pages\/83\/revisions"}],"predecessor-version":[{"id":906,"href":"https:\/\/www.niggebruegge-bestattungen.de\/index.php?rest_route=\/wp\/v2\/pages\/83\/revisions\/906"}],"wp:attachment":[{"href":"https:\/\/www.niggebruegge-bestattungen.de\/index.php?rest_route=%2Fwp%2Fv2%2Fmedia&parent=83"}],"curies":[{"name":"wp","href":"https:\/\/api.w.org\/{rel}","templated":true}]}}